{"id":2956,"date":"2024-03-20T13:43:27","date_gmt":"2024-03-20T10:43:27","guid":{"rendered":"https:\/\/www.hurcelik.com.tr\/?page_id=2956"},"modified":"2024-03-20T13:47:00","modified_gmt":"2024-03-20T10:47:00","slug":"haberler-2","status":"publish","type":"page","link":"https:\/\/www.hurcelik.com.tr\/en\/haberler-2\/","title":{"rendered":"News"},"content":{"rendered":"<div data-elementor-type=\"wp-page\" data-elementor-id=\"2956\" class=\"elementor elementor-2956\" data-elementor-post-type=\"page\">\n\t\t\t\t\t\t<section class=\"elementor-section elementor-top-section elementor-element elementor-element-54f4a42 elementor-section-boxed elementor-section-height-default elementor-section-height-default\" data-id=\"54f4a42\" data-element_type=\"section\" data-e-type=\"section\">\n\t\t\t\t\t\t<div class=\"elementor-container elementor-column-gap-default\">\n\t\t\t\t\t<div class=\"elementor-column elementor-col-100 elementor-top-column elementor-element elementor-element-c1f27c9\" data-id=\"c1f27c9\" data-element_type=\"column\" data-e-type=\"column\">\n\t\t\t<div class=\"elementor-widget-wrap elementor-element-populated\">\n\t\t\t\t\t\t<div class=\"elementor-element elementor-element-e9c6be9 elementor-widget elementor-widget-spacer\" data-id=\"e9c6be9\" data-element_type=\"widget\" data-e-type=\"widget\" data-widget_type=\"spacer.default\">\n\t\t\t\t<div class=\"elementor-widget-container\">\n\t\t\t\t\t\t\t<div class=\"elementor-spacer\">\n\t\t\t<div class=\"elementor-spacer-inner\"><\/div>\n\t\t<\/div>\n\t\t\t\t\t\t<\/div>\n\t\t\t\t<\/div>\n\t\t\t\t\t<\/div>\n\t\t<\/div>\n\t\t\t\t\t<\/div>\n\t\t<\/section>\n\t\t\t\t<section class=\"elementor-section elementor-top-section elementor-element elementor-element-5846e42 elementor-section-boxed elementor-section-height-default elementor-section-height-default\" data-id=\"5846e42\" data-element_type=\"section\" data-e-type=\"section\">\n\t\t\t\t\t\t<div class=\"elementor-container elementor-column-gap-default\">\n\t\t\t\t\t<div class=\"elementor-column elementor-col-100 elementor-top-column elementor-element elementor-element-b6bf461\" data-id=\"b6bf461\" data-element_type=\"column\" data-e-type=\"column\">\n\t\t\t<div class=\"elementor-widget-wrap elementor-element-populated\">\n\t\t\t\t\t\t<div class=\"elementor-element elementor-element-4373826 elementor-widget elementor-widget-uicore-post-grid\" data-id=\"4373826\" data-element_type=\"widget\" data-e-type=\"widget\" data-widget_type=\"uicore-post-grid.default\">\n\t\t\t\t<div class=\"elementor-widget-container\">\n\t\t\t\t\t<div class=\"uicore-grid-container uicore-blog-grid uicore-grid-row uicore-grid uicore-landscape-ratio uicore-large-space animate-3 ui-st-boxed-creative uicore-blog-widget\">\r\n            <div class=\"uicore-grid-item uicore-col-md-6 uicore-col-lg-4  uicore-zoom uicore-animate post-2267 post type-post status-publish format-standard has-post-thumbnail hentry category-haberler\" >\r\n                <article class=\"uicore-post\">\r\n                    <div class=\"uicore-post-wrapper\">\r\n\r\n                        <a href=\"https:\/\/www.hurcelik.com.tr\/en\/cengiz-tanrigul-roportaj\/\" title=\" View Post: Cengiz TANRIG\u00dcL Rop\u00f6rtaj\" >  <div class=\"uicore-blog-img-container uicore-zoom-wrapper\">\r\n                                            <div class=\"uicore-cover-img\" style=\"background-image: url(https:\/\/www.hurcelik.com.tr\/wp-content\/uploads\/2024\/03\/cengiz-tanrigul-01.jpg)\"><\/div>\r\n                                        <\/div><\/a>\r\n                        <div class=\"uicore-post-info\">\r\n                            <div class=\"uicore-post-info-wrapper\">\r\n                                                                <div class=\"uicore-post-category uicore-body\">\r\n                                    <a href=\"https:\/\/www.hurcelik.com.tr\/en\/category\/haberler\/\" title=\"News\">News<\/a>                                <\/div>\r\n                              <a href=\"https:\/\/www.hurcelik.com.tr\/en\/cengiz-tanrigul-roportaj\/\" title=\"View Post: Cengiz TANRIG\u00dcL Rop\u00f6rtaj \">                              <h4 class=\"uicore-post-title\"><span>Cengiz TANRIG\u00dcL Interview<\/span><\/h4>\r\n                              <\/a><div class=\"uicore-post-footer uicore-body\"><span><a href=\"https:\/\/www.hurcelik.com.tr\/en\/author\/mpc\/\" title=\"Posts by H\u00fcr \u00c7elik\" rel=\"author\">H\u00fcr \u00c7elik<\/a><\/span><span class=\"uicore-meta-separator\"><\/span><span>2 August 2016<\/span><\/div>                            <\/div>\r\n                        <\/div>\r\n\r\n                    <\/div>\r\n                <\/article>\r\n            <\/div>\r\n        <\/div>\t\t\t\t<\/div>\n\t\t\t\t<\/div>\n\t\t\t\t\t<\/div>\n\t\t<\/div>\n\t\t\t\t\t<\/div>\n\t\t<\/section>\n\t\t\t\t<section class=\"elementor-section elementor-top-section elementor-element elementor-element-2d8fa88 elementor-section-boxed elementor-section-height-default elementor-section-height-default\" data-id=\"2d8fa88\" data-element_type=\"section\" data-e-type=\"section\">\n\t\t\t\t\t\t<div class=\"elementor-container elementor-column-gap-default\">\n\t\t\t\t\t<div class=\"elementor-column elementor-col-100 elementor-top-column elementor-element elementor-element-20e7397\" data-id=\"20e7397\" data-element_type=\"column\" data-e-type=\"column\">\n\t\t\t<div class=\"elementor-widget-wrap elementor-element-populated\">\n\t\t\t\t\t\t<div class=\"elementor-element elementor-element-b44add3 elementor-widget elementor-widget-spacer\" data-id=\"b44add3\" data-element_type=\"widget\" data-e-type=\"widget\" data-widget_type=\"spacer.default\">\n\t\t\t\t<div class=\"elementor-widget-container\">\n\t\t\t\t\t\t\t<div class=\"elementor-spacer\">\n\t\t\t<div class=\"elementor-spacer-inner\"><\/div>\n\t\t<\/div>\n\t\t\t\t\t\t<\/div>\n\t\t\t\t<\/div>\n\t\t\t\t\t<\/div>\n\t\t<\/div>\n\t\t\t\t\t<\/div>\n\t\t<\/section>\n\t\t\t\t<\/div>","protected":false},"excerpt":{"rendered":"<p>Haberler Cengiz TANRIG\u00dcL Rop\u00f6rtaj H\u00fcr \u00c7elik4 Mart 2024 Haberler T\u00fcrkiye&#8217;nin Lider \u00c7elik \u00dcreticisi Olarak M\u00fc\u015fteri Odakl\u0131 Yakla\u015f\u0131m\u0131m\u0131z H\u00fcr \u00c7elik19 \u015eubat 2024 Haberler [&hellip;]<\/p>\n","protected":false},"author":2,"featured_media":0,"parent":0,"menu_order":0,"comment_status":"closed","ping_status":"closed","template":"","meta":{"footnotes":""},"class_list":["post-2956","page","type-page","status-publish","hentry"],"_links":{"self":[{"href":"https:\/\/www.hurcelik.com.tr\/en\/wp-json\/wp\/v2\/pages\/2956","targetHints":{"allow":["GET"]}}],"collection":[{"href":"https:\/\/www.hurcelik.com.tr\/en\/wp-json\/wp\/v2\/pages"}],"about":[{"href":"https:\/\/www.hurcelik.com.tr\/en\/wp-json\/wp\/v2\/types\/page"}],"author":[{"embeddable":true,"href":"https:\/\/www.hurcelik.com.tr\/en\/wp-json\/wp\/v2\/users\/2"}],"replies":[{"embeddable":true,"href":"https:\/\/www.hurcelik.com.tr\/en\/wp-json\/wp\/v2\/comments?post=2956"}],"version-history":[{"count":0,"href":"https:\/\/www.hurcelik.com.tr\/en\/wp-json\/wp\/v2\/pages\/2956\/revisions"}],"wp:attachment":[{"href":"https:\/\/www.hurcelik.com.tr\/en\/wp-json\/wp\/v2\/media?parent=2956"}],"curies":[{"name":"wp","href":"https:\/\/api.w.org\/{rel}","templated":true}]}}