{"id":2753,"date":"2024-03-15T15:10:14","date_gmt":"2024-03-15T12:10:14","guid":{"rendered":"https:\/\/www.hurcelik.com.tr\/?page_id=2753"},"modified":"2024-03-16T18:32:59","modified_gmt":"2024-03-16T15:32:59","slug":"s275jr-st44-2","status":"publish","type":"page","link":"https:\/\/www.hurcelik.com.tr\/en\/s275jr-st44-2\/","title":{"rendered":"S275JR (St44-2)"},"content":{"rendered":"<div data-elementor-type=\"wp-page\" data-elementor-id=\"2753\" class=\"elementor elementor-2753\" data-elementor-post-type=\"page\">\n\t\t\t\t\t\t<section class=\"elementor-section elementor-top-section elementor-element elementor-element-a7020e7 elementor-section-boxed elementor-section-height-default elementor-section-height-default\" data-id=\"a7020e7\" data-element_type=\"section\" data-e-type=\"section\">\n\t\t\t\t\t\t<div class=\"elementor-container elementor-column-gap-default\">\n\t\t\t\t\t<div class=\"elementor-column elementor-col-50 elementor-top-column elementor-element elementor-element-3c7fbf3\" data-id=\"3c7fbf3\" data-element_type=\"column\" data-e-type=\"column\">\n\t\t\t<div class=\"elementor-widget-wrap elementor-element-populated\">\n\t\t\t\t\t\t<div class=\"elementor-element elementor-element-149c0b1 elementor-widget elementor-widget-heading\" data-id=\"149c0b1\" data-element_type=\"widget\" data-e-type=\"widget\" data-widget_type=\"heading.default\">\n\t\t\t\t<div class=\"elementor-widget-container\">\n\t\t\t\t\t<h2 class=\"elementor-heading-title elementor-size-default\">S275JR (St44-2)<\/h2>\t\t\t\t<\/div>\n\t\t\t\t<\/div>\n\t\t\t\t\t<\/div>\n\t\t<\/div>\n\t\t\t\t<div class=\"elementor-column elementor-col-50 elementor-top-column elementor-element elementor-element-0d428de\" data-id=\"0d428de\" data-element_type=\"column\" data-e-type=\"column\">\n\t\t\t<div class=\"elementor-widget-wrap\">\n\t\t\t\t\t\t\t<\/div>\n\t\t<\/div>\n\t\t\t\t\t<\/div>\n\t\t<\/section>\n\t\t\t\t<section class=\"elementor-section elementor-top-section elementor-element elementor-element-ddb4dc5 elementor-section-boxed elementor-section-height-default elementor-section-height-default\" data-id=\"ddb4dc5\" data-element_type=\"section\" data-e-type=\"section\">\n\t\t\t\t\t\t<div class=\"elementor-container elementor-column-gap-default\">\n\t\t\t\t\t<div class=\"elementor-column elementor-col-100 elementor-top-column elementor-element elementor-element-75c09f8\" data-id=\"75c09f8\" data-element_type=\"column\" data-e-type=\"column\">\n\t\t\t<div class=\"elementor-widget-wrap elementor-element-populated\">\n\t\t\t\t\t\t<div class=\"elementor-element elementor-element-1a75541 elementor-widget elementor-widget-text-editor\" data-id=\"1a75541\" data-element_type=\"widget\" data-e-type=\"widget\" data-widget_type=\"text-editor.default\">\n\t\t\t\t<div class=\"elementor-widget-container\">\n\t\t\t\t\t\t\t\t\t<p>BS EN 10025 serisinin bir par\u00e7as\u0131 olan bu Avrupa Standard\u0131, teslim \u015fartlar\u0131nda kimyasal bile\u015fim tablolar\u0131nda ve mekanik \u00f6zellikler tablolar\u0131nda verilen s\u0131n\u0131f ve kalitelerde s\u0131cak haddelenmi\u015f ala\u015f\u0131ms\u0131z kaliteli \u00e7eliklerden yass\u0131 ve uzun mamuller ve yass\u0131 ve uzun mamullere daha fazla i\u015flenmesi ama\u00e7lanan yar\u0131 mamuller i\u00e7in teknik teslim \u015fartlar\u0131n\u0131 belirler. Bu standard, yap\u0131sal i\u00e7i bo\u015f profiller ve borular i\u00e7in ge\u00e7erli de\u011fildir.<\/p><p>Standart EN 10025-2: &#8220;Ala\u015f\u0131ms\u0131z yap\u0131 \u00e7elikleri&#8221;, 275\/355\/420 MPa olmak \u00fczere \u00fc\u00e7 akma dayan\u0131m\u0131 s\u0131n\u0131f\u0131nda geleneksel yap\u0131 \u00e7eliklerini tan\u0131mlar. Bozhong. t\u00fcm \u00e7elik kalitelerini kesilmi\u015f boy ve a\u011f\u0131r levha olarak \u00fcretmektedir. Bir \u00e7elik kalitesi i\u00e7in &#8220;N&#8221; i\u015fareti teslimat durumunu ifade eder: f\u0131r\u0131nda normalize edilmi\u015f veya normalize edilmi\u015f haddelenmi\u015f. Bu standart, A572 Grade 50 Plate, C 45 Plate, IS 2062 Grade B Plate, S235 JR Plate, S275 JR Plate, S355 J2+N Plate, S355 J0+N Plate, S355 JR Plate, S355 K2G3 Plate, S355 K2+N Plate, S420 NL Plate, S420 N Plate, S420 Plate gibi \u00e7e\u015fitli kaliteleri i\u00e7erir.<\/p><p>\u00d6rnek: S355J2+N<\/p><p>&#8220;S&#8221; &#8211; yap\u0131sal \u00e7elik<br \/>&#8220;355\u2033 &#8211; 355 MPa \/ 51,486 PSI<br \/>&#8220;J2&#8221; &#8211; sembol -20 s\u0131cakl\u0131k darbe testi<br \/>&#8220;+N&#8221; &#8211; besleme ko\u015fulu normalle\u015ftirilmi\u015f veya normalle\u015ftirilmi\u015f haddelenmi\u015f<br \/>Ayr\u0131ca Krom Moly \u00c7elik Levha, Kazan Plakas\u0131, HIC plakas\u0131, Bas\u0131n\u00e7l\u0131 Kap \u00c7elik plakas\u0131, A\u015f\u0131nmaya Dayan\u0131kl\u0131 \u00c7elik Plakalar, Offshore ve Yap\u0131sal \u00c7elik Levha, S\u00f6nd\u00fcr\u00fclm\u00fc\u015f ve Temperlenmi\u015f \u00c7elik levha \u00fcreticileri, tedarik\u00e7ileri, ihracat\u00e7\u0131lar\u0131 ve stok\u00e7ular\u0131y\u0131z,<\/p><p>\u00a0<\/p>\t\t\t\t\t\t\t\t<\/div>\n\t\t\t\t<\/div>\n\t\t\t\t\t<\/div>\n\t\t<\/div>\n\t\t\t\t\t<\/div>\n\t\t<\/section>\n\t\t\t\t<\/div>","protected":false},"excerpt":{"rendered":"<p>S275JR (St44-2) BS EN 10025 serisinin bir par\u00e7as\u0131 olan bu Avrupa Standard\u0131, teslim \u015fartlar\u0131nda kimyasal bile\u015fim tablolar\u0131nda ve mekanik \u00f6zellikler tablolar\u0131nda verilen [&hellip;]<\/p>\n","protected":false},"author":2,"featured_media":0,"parent":0,"menu_order":0,"comment_status":"closed","ping_status":"closed","template":"","meta":{"footnotes":""},"class_list":["post-2753","page","type-page","status-publish","hentry"],"_links":{"self":[{"href":"https:\/\/www.hurcelik.com.tr\/en\/wp-json\/wp\/v2\/pages\/2753","targetHints":{"allow":["GET"]}}],"collection":[{"href":"https:\/\/www.hurcelik.com.tr\/en\/wp-json\/wp\/v2\/pages"}],"about":[{"href":"https:\/\/www.hurcelik.com.tr\/en\/wp-json\/wp\/v2\/types\/page"}],"author":[{"embeddable":true,"href":"https:\/\/www.hurcelik.com.tr\/en\/wp-json\/wp\/v2\/users\/2"}],"replies":[{"embeddable":true,"href":"https:\/\/www.hurcelik.com.tr\/en\/wp-json\/wp\/v2\/comments?post=2753"}],"version-history":[{"count":0,"href":"https:\/\/www.hurcelik.com.tr\/en\/wp-json\/wp\/v2\/pages\/2753\/revisions"}],"wp:attachment":[{"href":"https:\/\/www.hurcelik.com.tr\/en\/wp-json\/wp\/v2\/media?parent=2753"}],"curies":[{"name":"wp","href":"https:\/\/api.w.org\/{rel}","templated":true}]}}