{"id":1784,"date":"2024-02-20T17:38:18","date_gmt":"2024-02-20T14:38:18","guid":{"rendered":"https:\/\/www.hurcelik.com.tr\/?page_id=1784"},"modified":"2024-03-25T12:55:29","modified_gmt":"2024-03-25T09:55:29","slug":"sementasyon-celikleri","status":"publish","type":"page","link":"https:\/\/www.hurcelik.com.tr\/en\/sementasyon-celikleri\/","title":{"rendered":"Case Hardening Steels"},"content":{"rendered":"<div data-elementor-type=\"wp-page\" data-elementor-id=\"1784\" class=\"elementor elementor-1784\" data-elementor-post-type=\"page\">\n\t\t\t\t\t\t<section class=\"elementor-section elementor-top-section elementor-element elementor-element-eabbd75 elementor-section-boxed elementor-section-height-default elementor-section-height-default\" data-id=\"eabbd75\" data-element_type=\"section\" data-e-type=\"section\">\n\t\t\t\t\t\t<div class=\"elementor-container elementor-column-gap-default\">\n\t\t\t\t\t<div class=\"elementor-column elementor-col-50 elementor-top-column elementor-element elementor-element-6d5b1f6\" data-id=\"6d5b1f6\" data-element_type=\"column\" data-e-type=\"column\">\n\t\t\t<div class=\"elementor-widget-wrap elementor-element-populated\">\n\t\t\t\t\t\t<div class=\"elementor-element elementor-element-aa584d8 elementor-widget elementor-widget-image\" data-id=\"aa584d8\" data-element_type=\"widget\" data-e-type=\"widget\" data-widget_type=\"image.default\">\n\t\t\t\t<div class=\"elementor-widget-container\">\n\t\t\t\t\t\t\t\t\t\t\t\t\t\t\t<img fetchpriority=\"high\" decoding=\"async\" width=\"1000\" height=\"667\" src=\"https:\/\/www.hurcelik.com.tr\/wp-content\/uploads\/2024\/02\/hidrolik-sistemler-celik.jpg\" class=\"attachment-large size-large wp-image-1695\" alt=\"\" srcset=\"https:\/\/www.hurcelik.com.tr\/wp-content\/uploads\/2024\/02\/hidrolik-sistemler-celik.jpg 1000w, https:\/\/www.hurcelik.com.tr\/wp-content\/uploads\/2024\/02\/hidrolik-sistemler-celik-300x200.jpg 300w, https:\/\/www.hurcelik.com.tr\/wp-content\/uploads\/2024\/02\/hidrolik-sistemler-celik-768x512.jpg 768w, https:\/\/www.hurcelik.com.tr\/wp-content\/uploads\/2024\/02\/hidrolik-sistemler-celik-18x12.jpg 18w, https:\/\/www.hurcelik.com.tr\/wp-content\/uploads\/2024\/02\/hidrolik-sistemler-celik-650x434.jpg 650w\" sizes=\"(max-width: 1000px) 100vw, 1000px\" title=\"\">\t\t\t\t\t\t\t\t\t\t\t\t\t\t\t<\/div>\n\t\t\t\t<\/div>\n\t\t\t\t\t<\/div>\n\t\t<\/div>\n\t\t\t\t<div class=\"elementor-column elementor-col-50 elementor-top-column elementor-element elementor-element-20eb21d\" data-id=\"20eb21d\" data-element_type=\"column\" data-e-type=\"column\">\n\t\t\t<div class=\"elementor-widget-wrap elementor-element-populated\">\n\t\t\t\t\t\t<div class=\"elementor-element elementor-element-22af667 elementor-widget elementor-widget-heading\" data-id=\"22af667\" data-element_type=\"widget\" data-e-type=\"widget\" data-widget_type=\"heading.default\">\n\t\t\t\t<div class=\"elementor-widget-container\">\n\t\t\t\t\t<h2 class=\"elementor-heading-title elementor-size-default\">Case Hardening Steels<\/h2>\t\t\t\t<\/div>\n\t\t\t\t<\/div>\n\t\t\t\t<div class=\"elementor-element elementor-element-7b419be elementor-widget elementor-widget-text-editor\" data-id=\"7b419be\" data-element_type=\"widget\" data-e-type=\"widget\" data-widget_type=\"text-editor.default\">\n\t\t\t\t<div class=\"elementor-widget-container\">\n\t\t\t\t\t\t\t\t\t<h4>It is used in the manufacture of parts such as gears, shafts, piston pins, sprockets and rollers, discs, guide bearings, rolling bearings, rollers, some measurement and control tools, cutting tools.<\/h4>\t\t\t\t\t\t\t\t<\/div>\n\t\t\t\t<\/div>\n\t\t\t\t\t<\/div>\n\t\t<\/div>\n\t\t\t\t\t<\/div>\n\t\t<\/section>\n\t\t\t\t<section class=\"elementor-section elementor-top-section elementor-element elementor-element-21c727a elementor-section-boxed elementor-section-height-default elementor-section-height-default\" data-id=\"21c727a\" data-element_type=\"section\" data-e-type=\"section\">\n\t\t\t\t\t\t<div class=\"elementor-container elementor-column-gap-default\">\n\t\t\t\t\t<div class=\"elementor-column elementor-col-25 elementor-top-column elementor-element elementor-element-9134dac\" data-id=\"9134dac\" data-element_type=\"column\" data-e-type=\"column\">\n\t\t\t<div class=\"elementor-widget-wrap elementor-element-populated\">\n\t\t\t\t\t\t<div class=\"elementor-element elementor-element-ec148e6 elementor-widget elementor-widget-image\" data-id=\"ec148e6\" data-element_type=\"widget\" data-e-type=\"widget\" data-widget_type=\"image.default\">\n\t\t\t\t<div class=\"elementor-widget-container\">\n\t\t\t\t\t\t\t\t\t\t\t\t\t\t\t<img decoding=\"async\" width=\"800\" height=\"450\" src=\"https:\/\/www.hurcelik.com.tr\/wp-content\/uploads\/2024\/02\/soguk-cekilmis-yuvarlak-pahlanmis.png.webp\" class=\"attachment-large size-large wp-image-1728\" alt=\"\" srcset=\"https:\/\/www.hurcelik.com.tr\/wp-content\/uploads\/2024\/02\/soguk-cekilmis-yuvarlak-pahlanmis.png.webp 800w, https:\/\/www.hurcelik.com.tr\/wp-content\/uploads\/2024\/02\/soguk-cekilmis-yuvarlak-pahlanmis.png-300x169.webp 300w, https:\/\/www.hurcelik.com.tr\/wp-content\/uploads\/2024\/02\/soguk-cekilmis-yuvarlak-pahlanmis.png-768x432.webp 768w, https:\/\/www.hurcelik.com.tr\/wp-content\/uploads\/2024\/02\/soguk-cekilmis-yuvarlak-pahlanmis.png-18x10.webp 18w, https:\/\/www.hurcelik.com.tr\/wp-content\/uploads\/2024\/02\/soguk-cekilmis-yuvarlak-pahlanmis.png-650x366.webp 650w\" sizes=\"(max-width: 800px) 100vw, 800px\" title=\"\">\t\t\t\t\t\t\t\t\t\t\t\t\t\t\t<\/div>\n\t\t\t\t<\/div>\n\t\t\t\t<div class=\"elementor-element elementor-element-b1b698e elementor-widget elementor-widget-heading\" data-id=\"b1b698e\" data-element_type=\"widget\" data-e-type=\"widget\" data-widget_type=\"heading.default\">\n\t\t\t\t<div class=\"elementor-widget-container\">\n\t\t\t\t\t<h4 class=\"elementor-heading-title elementor-size-default\">\nCase Hardening Steels<\/h4>\t\t\t\t<\/div>\n\t\t\t\t<\/div>\n\t\t\t\t<div class=\"elementor-element elementor-element-60e5d60 elementor-widget elementor-widget-text-editor\" data-id=\"60e5d60\" data-element_type=\"widget\" data-e-type=\"widget\" data-widget_type=\"text-editor.default\">\n\t\t\t\t<div class=\"elementor-widget-container\">\n\t\t\t\t\t\t\t\t\t<p><strong>15NiCr13<\/strong><\/p><p><strong>1.5752<\/strong><\/p>\t\t\t\t\t\t\t\t<\/div>\n\t\t\t\t<\/div>\n\t\t\t\t\t<\/div>\n\t\t<\/div>\n\t\t\t\t<div class=\"elementor-column elementor-col-25 elementor-top-column elementor-element elementor-element-44aea92\" data-id=\"44aea92\" data-element_type=\"column\" data-e-type=\"column\">\n\t\t\t<div class=\"elementor-widget-wrap elementor-element-populated\">\n\t\t\t\t\t\t<div class=\"elementor-element elementor-element-2ace741 elementor-widget elementor-widget-image\" data-id=\"2ace741\" data-element_type=\"widget\" data-e-type=\"widget\" data-widget_type=\"image.default\">\n\t\t\t\t<div class=\"elementor-widget-container\">\n\t\t\t\t\t\t\t\t\t\t\t\t\t\t\t<img decoding=\"async\" width=\"800\" height=\"450\" src=\"https:\/\/www.hurcelik.com.tr\/wp-content\/uploads\/2024\/02\/soguk-cekilmis-yuvarlak-pahlanmis.png.webp\" class=\"attachment-large size-large wp-image-1728\" alt=\"\" srcset=\"https:\/\/www.hurcelik.com.tr\/wp-content\/uploads\/2024\/02\/soguk-cekilmis-yuvarlak-pahlanmis.png.webp 800w, https:\/\/www.hurcelik.com.tr\/wp-content\/uploads\/2024\/02\/soguk-cekilmis-yuvarlak-pahlanmis.png-300x169.webp 300w, https:\/\/www.hurcelik.com.tr\/wp-content\/uploads\/2024\/02\/soguk-cekilmis-yuvarlak-pahlanmis.png-768x432.webp 768w, https:\/\/www.hurcelik.com.tr\/wp-content\/uploads\/2024\/02\/soguk-cekilmis-yuvarlak-pahlanmis.png-18x10.webp 18w, https:\/\/www.hurcelik.com.tr\/wp-content\/uploads\/2024\/02\/soguk-cekilmis-yuvarlak-pahlanmis.png-650x366.webp 650w\" sizes=\"(max-width: 800px) 100vw, 800px\" title=\"\">\t\t\t\t\t\t\t\t\t\t\t\t\t\t\t<\/div>\n\t\t\t\t<\/div>\n\t\t\t\t<div class=\"elementor-element elementor-element-2b9a328 elementor-widget elementor-widget-heading\" data-id=\"2b9a328\" data-element_type=\"widget\" data-e-type=\"widget\" data-widget_type=\"heading.default\">\n\t\t\t\t<div class=\"elementor-widget-container\">\n\t\t\t\t\t<h4 class=\"elementor-heading-title elementor-size-default\">\nCase Hardening Steels<\/h4>\t\t\t\t<\/div>\n\t\t\t\t<\/div>\n\t\t\t\t<div class=\"elementor-element elementor-element-570cd4a elementor-widget elementor-widget-text-editor\" data-id=\"570cd4a\" data-element_type=\"widget\" data-e-type=\"widget\" data-widget_type=\"text-editor.default\">\n\t\t\t\t<div class=\"elementor-widget-container\">\n\t\t\t\t\t\t\t\t\t<p><strong>16MnCr5<\/strong><\/p><p><strong>1.7131<\/strong><\/p>\t\t\t\t\t\t\t\t<\/div>\n\t\t\t\t<\/div>\n\t\t\t\t\t<\/div>\n\t\t<\/div>\n\t\t\t\t<div class=\"elementor-column elementor-col-25 elementor-top-column elementor-element elementor-element-346cbcb\" data-id=\"346cbcb\" data-element_type=\"column\" data-e-type=\"column\">\n\t\t\t<div class=\"elementor-widget-wrap elementor-element-populated\">\n\t\t\t\t\t\t<div class=\"elementor-element elementor-element-f89579e elementor-widget elementor-widget-image\" data-id=\"f89579e\" data-element_type=\"widget\" data-e-type=\"widget\" data-widget_type=\"image.default\">\n\t\t\t\t<div class=\"elementor-widget-container\">\n\t\t\t\t\t\t\t\t\t\t\t\t\t\t\t<img decoding=\"async\" width=\"800\" height=\"450\" src=\"https:\/\/www.hurcelik.com.tr\/wp-content\/uploads\/2024\/02\/soguk-cekilmis-yuvarlak-pahlanmis.png.webp\" class=\"attachment-large size-large wp-image-1728\" alt=\"\" srcset=\"https:\/\/www.hurcelik.com.tr\/wp-content\/uploads\/2024\/02\/soguk-cekilmis-yuvarlak-pahlanmis.png.webp 800w, https:\/\/www.hurcelik.com.tr\/wp-content\/uploads\/2024\/02\/soguk-cekilmis-yuvarlak-pahlanmis.png-300x169.webp 300w, https:\/\/www.hurcelik.com.tr\/wp-content\/uploads\/2024\/02\/soguk-cekilmis-yuvarlak-pahlanmis.png-768x432.webp 768w, https:\/\/www.hurcelik.com.tr\/wp-content\/uploads\/2024\/02\/soguk-cekilmis-yuvarlak-pahlanmis.png-18x10.webp 18w, https:\/\/www.hurcelik.com.tr\/wp-content\/uploads\/2024\/02\/soguk-cekilmis-yuvarlak-pahlanmis.png-650x366.webp 650w\" sizes=\"(max-width: 800px) 100vw, 800px\" title=\"\">\t\t\t\t\t\t\t\t\t\t\t\t\t\t\t<\/div>\n\t\t\t\t<\/div>\n\t\t\t\t<div class=\"elementor-element elementor-element-196717a elementor-widget elementor-widget-heading\" data-id=\"196717a\" data-element_type=\"widget\" data-e-type=\"widget\" data-widget_type=\"heading.default\">\n\t\t\t\t<div class=\"elementor-widget-container\">\n\t\t\t\t\t<h4 class=\"elementor-heading-title elementor-size-default\">\nCase Hardening Steels<\/h4>\t\t\t\t<\/div>\n\t\t\t\t<\/div>\n\t\t\t\t<div class=\"elementor-element elementor-element-db52b27 elementor-widget elementor-widget-text-editor\" data-id=\"db52b27\" data-element_type=\"widget\" data-e-type=\"widget\" data-widget_type=\"text-editor.default\">\n\t\t\t\t<div class=\"elementor-widget-container\">\n\t\t\t\t\t\t\t\t\t<p><strong>16MnCrS5<\/strong><\/p><p><strong>1.7139<\/strong><\/p>\t\t\t\t\t\t\t\t<\/div>\n\t\t\t\t<\/div>\n\t\t\t\t\t<\/div>\n\t\t<\/div>\n\t\t\t\t<div class=\"elementor-column elementor-col-25 elementor-top-column elementor-element elementor-element-179fac4\" data-id=\"179fac4\" data-element_type=\"column\" data-e-type=\"column\">\n\t\t\t<div class=\"elementor-widget-wrap elementor-element-populated\">\n\t\t\t\t\t\t<div class=\"elementor-element elementor-element-42aaa37 elementor-widget elementor-widget-image\" data-id=\"42aaa37\" data-element_type=\"widget\" data-e-type=\"widget\" data-widget_type=\"image.default\">\n\t\t\t\t<div class=\"elementor-widget-container\">\n\t\t\t\t\t\t\t\t\t\t\t\t\t\t\t<img decoding=\"async\" width=\"800\" height=\"450\" src=\"https:\/\/www.hurcelik.com.tr\/wp-content\/uploads\/2024\/02\/soguk-cekilmis-yuvarlak-pahlanmis.png.webp\" class=\"attachment-large size-large wp-image-1728\" alt=\"\" srcset=\"https:\/\/www.hurcelik.com.tr\/wp-content\/uploads\/2024\/02\/soguk-cekilmis-yuvarlak-pahlanmis.png.webp 800w, https:\/\/www.hurcelik.com.tr\/wp-content\/uploads\/2024\/02\/soguk-cekilmis-yuvarlak-pahlanmis.png-300x169.webp 300w, https:\/\/www.hurcelik.com.tr\/wp-content\/uploads\/2024\/02\/soguk-cekilmis-yuvarlak-pahlanmis.png-768x432.webp 768w, https:\/\/www.hurcelik.com.tr\/wp-content\/uploads\/2024\/02\/soguk-cekilmis-yuvarlak-pahlanmis.png-18x10.webp 18w, https:\/\/www.hurcelik.com.tr\/wp-content\/uploads\/2024\/02\/soguk-cekilmis-yuvarlak-pahlanmis.png-650x366.webp 650w\" sizes=\"(max-width: 800px) 100vw, 800px\" title=\"\">\t\t\t\t\t\t\t\t\t\t\t\t\t\t\t<\/div>\n\t\t\t\t<\/div>\n\t\t\t\t<div class=\"elementor-element elementor-element-2870a8f elementor-widget elementor-widget-heading\" data-id=\"2870a8f\" data-element_type=\"widget\" data-e-type=\"widget\" data-widget_type=\"heading.default\">\n\t\t\t\t<div class=\"elementor-widget-container\">\n\t\t\t\t\t<h4 class=\"elementor-heading-title elementor-size-default\">\nCase Hardening Steels<\/h4>\t\t\t\t<\/div>\n\t\t\t\t<\/div>\n\t\t\t\t<div class=\"elementor-element elementor-element-92319d1 elementor-widget elementor-widget-text-editor\" data-id=\"92319d1\" data-element_type=\"widget\" data-e-type=\"widget\" data-widget_type=\"text-editor.default\">\n\t\t\t\t<div class=\"elementor-widget-container\">\n\t\t\t\t\t\t\t\t\t<p><strong>17CrNi6-6<\/strong><\/p><p><strong>1.5918<\/strong><\/p>\t\t\t\t\t\t\t\t<\/div>\n\t\t\t\t<\/div>\n\t\t\t\t\t<\/div>\n\t\t<\/div>\n\t\t\t\t\t<\/div>\n\t\t<\/section>\n\t\t\t\t<section class=\"elementor-section elementor-top-section elementor-element elementor-element-04bef6f elementor-section-boxed elementor-section-height-default elementor-section-height-default\" data-id=\"04bef6f\" data-element_type=\"section\" data-e-type=\"section\">\n\t\t\t\t\t\t<div class=\"elementor-container elementor-column-gap-default\">\n\t\t\t\t\t<div class=\"elementor-column elementor-col-25 elementor-top-column elementor-element elementor-element-5b6517c\" data-id=\"5b6517c\" data-element_type=\"column\" data-e-type=\"column\">\n\t\t\t<div class=\"elementor-widget-wrap elementor-element-populated\">\n\t\t\t\t\t\t<div class=\"elementor-element elementor-element-a440b7f elementor-widget elementor-widget-image\" data-id=\"a440b7f\" data-element_type=\"widget\" data-e-type=\"widget\" data-widget_type=\"image.default\">\n\t\t\t\t<div class=\"elementor-widget-container\">\n\t\t\t\t\t\t\t\t\t\t\t\t\t\t\t<img decoding=\"async\" width=\"800\" height=\"450\" src=\"https:\/\/www.hurcelik.com.tr\/wp-content\/uploads\/2024\/02\/soguk-cekilmis-yuvarlak-pahlanmis.png.webp\" class=\"attachment-large size-large wp-image-1728\" alt=\"\" srcset=\"https:\/\/www.hurcelik.com.tr\/wp-content\/uploads\/2024\/02\/soguk-cekilmis-yuvarlak-pahlanmis.png.webp 800w, https:\/\/www.hurcelik.com.tr\/wp-content\/uploads\/2024\/02\/soguk-cekilmis-yuvarlak-pahlanmis.png-300x169.webp 300w, https:\/\/www.hurcelik.com.tr\/wp-content\/uploads\/2024\/02\/soguk-cekilmis-yuvarlak-pahlanmis.png-768x432.webp 768w, https:\/\/www.hurcelik.com.tr\/wp-content\/uploads\/2024\/02\/soguk-cekilmis-yuvarlak-pahlanmis.png-18x10.webp 18w, https:\/\/www.hurcelik.com.tr\/wp-content\/uploads\/2024\/02\/soguk-cekilmis-yuvarlak-pahlanmis.png-650x366.webp 650w\" sizes=\"(max-width: 800px) 100vw, 800px\" title=\"\">\t\t\t\t\t\t\t\t\t\t\t\t\t\t\t<\/div>\n\t\t\t\t<\/div>\n\t\t\t\t<div class=\"elementor-element elementor-element-c314bc7 elementor-widget elementor-widget-heading\" data-id=\"c314bc7\" data-element_type=\"widget\" data-e-type=\"widget\" data-widget_type=\"heading.default\">\n\t\t\t\t<div class=\"elementor-widget-container\">\n\t\t\t\t\t<h4 class=\"elementor-heading-title elementor-size-default\">\n\nCase Hardening Steels<\/h4>\t\t\t\t<\/div>\n\t\t\t\t<\/div>\n\t\t\t\t<div class=\"elementor-element elementor-element-7e97f03 elementor-widget elementor-widget-text-editor\" data-id=\"7e97f03\" data-element_type=\"widget\" data-e-type=\"widget\" data-widget_type=\"text-editor.default\">\n\t\t\t\t<div class=\"elementor-widget-container\">\n\t\t\t\t\t\t\t\t\t<p><strong>17NiCrMo6-4<\/strong><\/p><p><strong>1.6566<\/strong><\/p>\t\t\t\t\t\t\t\t<\/div>\n\t\t\t\t<\/div>\n\t\t\t\t\t<\/div>\n\t\t<\/div>\n\t\t\t\t<div class=\"elementor-column elementor-col-25 elementor-top-column elementor-element elementor-element-e03ce4b\" data-id=\"e03ce4b\" data-element_type=\"column\" data-e-type=\"column\">\n\t\t\t<div class=\"elementor-widget-wrap elementor-element-populated\">\n\t\t\t\t\t\t<div class=\"elementor-element elementor-element-dace20d elementor-widget elementor-widget-image\" data-id=\"dace20d\" data-element_type=\"widget\" data-e-type=\"widget\" data-widget_type=\"image.default\">\n\t\t\t\t<div class=\"elementor-widget-container\">\n\t\t\t\t\t\t\t\t\t\t\t\t\t\t\t<img decoding=\"async\" width=\"800\" height=\"450\" src=\"https:\/\/www.hurcelik.com.tr\/wp-content\/uploads\/2024\/02\/soguk-cekilmis-yuvarlak-pahlanmis.png.webp\" class=\"attachment-large size-large wp-image-1728\" alt=\"\" srcset=\"https:\/\/www.hurcelik.com.tr\/wp-content\/uploads\/2024\/02\/soguk-cekilmis-yuvarlak-pahlanmis.png.webp 800w, https:\/\/www.hurcelik.com.tr\/wp-content\/uploads\/2024\/02\/soguk-cekilmis-yuvarlak-pahlanmis.png-300x169.webp 300w, https:\/\/www.hurcelik.com.tr\/wp-content\/uploads\/2024\/02\/soguk-cekilmis-yuvarlak-pahlanmis.png-768x432.webp 768w, https:\/\/www.hurcelik.com.tr\/wp-content\/uploads\/2024\/02\/soguk-cekilmis-yuvarlak-pahlanmis.png-18x10.webp 18w, https:\/\/www.hurcelik.com.tr\/wp-content\/uploads\/2024\/02\/soguk-cekilmis-yuvarlak-pahlanmis.png-650x366.webp 650w\" sizes=\"(max-width: 800px) 100vw, 800px\" title=\"\">\t\t\t\t\t\t\t\t\t\t\t\t\t\t\t<\/div>\n\t\t\t\t<\/div>\n\t\t\t\t<div class=\"elementor-element elementor-element-60980cb elementor-widget elementor-widget-heading\" data-id=\"60980cb\" data-element_type=\"widget\" data-e-type=\"widget\" data-widget_type=\"heading.default\">\n\t\t\t\t<div class=\"elementor-widget-container\">\n\t\t\t\t\t<h4 class=\"elementor-heading-title elementor-size-default\">\n\nCase Hardening Steels<\/h4>\t\t\t\t<\/div>\n\t\t\t\t<\/div>\n\t\t\t\t<div class=\"elementor-element elementor-element-2e26e12 elementor-widget elementor-widget-text-editor\" data-id=\"2e26e12\" data-element_type=\"widget\" data-e-type=\"widget\" data-widget_type=\"text-editor.default\">\n\t\t\t\t<div class=\"elementor-widget-container\">\n\t\t\t\t\t\t\t\t\t<p><strong>18CrMo4<\/strong><\/p><p><strong>1.7243<\/strong><\/p>\t\t\t\t\t\t\t\t<\/div>\n\t\t\t\t<\/div>\n\t\t\t\t\t<\/div>\n\t\t<\/div>\n\t\t\t\t<div class=\"elementor-column elementor-col-25 elementor-top-column elementor-element elementor-element-146ce7f\" data-id=\"146ce7f\" data-element_type=\"column\" data-e-type=\"column\">\n\t\t\t<div class=\"elementor-widget-wrap elementor-element-populated\">\n\t\t\t\t\t\t<div class=\"elementor-element elementor-element-f42e345 elementor-widget elementor-widget-image\" data-id=\"f42e345\" data-element_type=\"widget\" data-e-type=\"widget\" data-widget_type=\"image.default\">\n\t\t\t\t<div class=\"elementor-widget-container\">\n\t\t\t\t\t\t\t\t\t\t\t\t\t\t\t<img decoding=\"async\" width=\"800\" height=\"450\" src=\"https:\/\/www.hurcelik.com.tr\/wp-content\/uploads\/2024\/02\/soguk-cekilmis-yuvarlak-pahlanmis.png.webp\" class=\"attachment-large size-large wp-image-1728\" alt=\"\" srcset=\"https:\/\/www.hurcelik.com.tr\/wp-content\/uploads\/2024\/02\/soguk-cekilmis-yuvarlak-pahlanmis.png.webp 800w, https:\/\/www.hurcelik.com.tr\/wp-content\/uploads\/2024\/02\/soguk-cekilmis-yuvarlak-pahlanmis.png-300x169.webp 300w, https:\/\/www.hurcelik.com.tr\/wp-content\/uploads\/2024\/02\/soguk-cekilmis-yuvarlak-pahlanmis.png-768x432.webp 768w, https:\/\/www.hurcelik.com.tr\/wp-content\/uploads\/2024\/02\/soguk-cekilmis-yuvarlak-pahlanmis.png-18x10.webp 18w, https:\/\/www.hurcelik.com.tr\/wp-content\/uploads\/2024\/02\/soguk-cekilmis-yuvarlak-pahlanmis.png-650x366.webp 650w\" sizes=\"(max-width: 800px) 100vw, 800px\" title=\"\">\t\t\t\t\t\t\t\t\t\t\t\t\t\t\t<\/div>\n\t\t\t\t<\/div>\n\t\t\t\t<div class=\"elementor-element elementor-element-e5072a0 elementor-widget elementor-widget-heading\" data-id=\"e5072a0\" data-element_type=\"widget\" data-e-type=\"widget\" data-widget_type=\"heading.default\">\n\t\t\t\t<div class=\"elementor-widget-container\">\n\t\t\t\t\t<h4 class=\"elementor-heading-title elementor-size-default\">\n\nCase Hardening Steels<\/h4>\t\t\t\t<\/div>\n\t\t\t\t<\/div>\n\t\t\t\t<div class=\"elementor-element elementor-element-e8473ff elementor-widget elementor-widget-text-editor\" data-id=\"e8473ff\" data-element_type=\"widget\" data-e-type=\"widget\" data-widget_type=\"text-editor.default\">\n\t\t\t\t<div class=\"elementor-widget-container\">\n\t\t\t\t\t\t\t\t\t<p><strong>18CrNiMo7-6<\/strong><\/p><p><strong>1.6587<\/strong><\/p>\t\t\t\t\t\t\t\t<\/div>\n\t\t\t\t<\/div>\n\t\t\t\t\t<\/div>\n\t\t<\/div>\n\t\t\t\t<div class=\"elementor-column elementor-col-25 elementor-top-column elementor-element elementor-element-b617d60\" data-id=\"b617d60\" data-element_type=\"column\" data-e-type=\"column\">\n\t\t\t<div class=\"elementor-widget-wrap elementor-element-populated\">\n\t\t\t\t\t\t<div class=\"elementor-element elementor-element-35fb403 elementor-widget elementor-widget-image\" data-id=\"35fb403\" data-element_type=\"widget\" data-e-type=\"widget\" data-widget_type=\"image.default\">\n\t\t\t\t<div class=\"elementor-widget-container\">\n\t\t\t\t\t\t\t\t\t\t\t\t\t\t\t<img decoding=\"async\" width=\"800\" height=\"450\" src=\"https:\/\/www.hurcelik.com.tr\/wp-content\/uploads\/2024\/02\/soguk-cekilmis-yuvarlak-pahlanmis.png.webp\" class=\"attachment-large size-large wp-image-1728\" alt=\"\" srcset=\"https:\/\/www.hurcelik.com.tr\/wp-content\/uploads\/2024\/02\/soguk-cekilmis-yuvarlak-pahlanmis.png.webp 800w, https:\/\/www.hurcelik.com.tr\/wp-content\/uploads\/2024\/02\/soguk-cekilmis-yuvarlak-pahlanmis.png-300x169.webp 300w, https:\/\/www.hurcelik.com.tr\/wp-content\/uploads\/2024\/02\/soguk-cekilmis-yuvarlak-pahlanmis.png-768x432.webp 768w, https:\/\/www.hurcelik.com.tr\/wp-content\/uploads\/2024\/02\/soguk-cekilmis-yuvarlak-pahlanmis.png-18x10.webp 18w, https:\/\/www.hurcelik.com.tr\/wp-content\/uploads\/2024\/02\/soguk-cekilmis-yuvarlak-pahlanmis.png-650x366.webp 650w\" sizes=\"(max-width: 800px) 100vw, 800px\" title=\"\">\t\t\t\t\t\t\t\t\t\t\t\t\t\t\t<\/div>\n\t\t\t\t<\/div>\n\t\t\t\t<div class=\"elementor-element elementor-element-2470df4 elementor-widget elementor-widget-heading\" data-id=\"2470df4\" data-element_type=\"widget\" data-e-type=\"widget\" data-widget_type=\"heading.default\">\n\t\t\t\t<div class=\"elementor-widget-container\">\n\t\t\t\t\t<h4 class=\"elementor-heading-title elementor-size-default\">\n\nCase Hardening Steels<\/h4>\t\t\t\t<\/div>\n\t\t\t\t<\/div>\n\t\t\t\t<div class=\"elementor-element elementor-element-24080c6 elementor-widget elementor-widget-text-editor\" data-id=\"24080c6\" data-element_type=\"widget\" data-e-type=\"widget\" data-widget_type=\"text-editor.default\">\n\t\t\t\t<div class=\"elementor-widget-container\">\n\t\t\t\t\t\t\t\t\t<p><strong>20MnCr5<\/strong><\/p><p><strong>1.7147<\/strong><\/p>\t\t\t\t\t\t\t\t<\/div>\n\t\t\t\t<\/div>\n\t\t\t\t\t<\/div>\n\t\t<\/div>\n\t\t\t\t\t<\/div>\n\t\t<\/section>\n\t\t\t\t<\/div>","protected":false},"excerpt":{"rendered":"<p>Sementasyon \u00c7elikleri Di\u015fliler, miller, piston pimleri, zincir di\u015flileri ve makaralar\u0131, diskler, k\u0131lavuz yataklar\u0131, rulmanl\u0131 yataklar, merdaneler, bir k\u0131s\u0131m \u00f6l\u00e7\u00fc ve kontrol aletleri, [&hellip;]<\/p>\n","protected":false},"author":2,"featured_media":0,"parent":0,"menu_order":0,"comment_status":"closed","ping_status":"closed","template":"","meta":{"footnotes":""},"class_list":["post-1784","page","type-page","status-publish","hentry"],"_links":{"self":[{"href":"https:\/\/www.hurcelik.com.tr\/en\/wp-json\/wp\/v2\/pages\/1784","targetHints":{"allow":["GET"]}}],"collection":[{"href":"https:\/\/www.hurcelik.com.tr\/en\/wp-json\/wp\/v2\/pages"}],"about":[{"href":"https:\/\/www.hurcelik.com.tr\/en\/wp-json\/wp\/v2\/types\/page"}],"author":[{"embeddable":true,"href":"https:\/\/www.hurcelik.com.tr\/en\/wp-json\/wp\/v2\/users\/2"}],"replies":[{"embeddable":true,"href":"https:\/\/www.hurcelik.com.tr\/en\/wp-json\/wp\/v2\/comments?post=1784"}],"version-history":[{"count":0,"href":"https:\/\/www.hurcelik.com.tr\/en\/wp-json\/wp\/v2\/pages\/1784\/revisions"}],"wp:attachment":[{"href":"https:\/\/www.hurcelik.com.tr\/en\/wp-json\/wp\/v2\/media?parent=1784"}],"curies":[{"name":"wp","href":"https:\/\/api.w.org\/{rel}","templated":true}]}}