{"id":1761,"date":"2024-02-20T17:11:16","date_gmt":"2024-02-20T14:11:16","guid":{"rendered":"https:\/\/www.hurcelik.com.tr\/?page_id=1761"},"modified":"2024-03-26T08:54:31","modified_gmt":"2024-03-26T05:54:31","slug":"islah-celikleri","status":"publish","type":"page","link":"https:\/\/www.hurcelik.com.tr\/en\/islah-celikleri\/","title":{"rendered":"Heat Treatable Steels"},"content":{"rendered":"<div data-elementor-type=\"wp-page\" data-elementor-id=\"1761\" class=\"elementor elementor-1761\" data-elementor-post-type=\"page\">\n\t\t\t\t\t\t<section class=\"elementor-section elementor-top-section elementor-element elementor-element-eabbd75 elementor-section-boxed elementor-section-height-default elementor-section-height-default\" data-id=\"eabbd75\" data-element_type=\"section\" data-e-type=\"section\">\n\t\t\t\t\t\t<div class=\"elementor-container elementor-column-gap-default\">\n\t\t\t\t\t<div class=\"elementor-column elementor-col-50 elementor-top-column elementor-element elementor-element-6d5b1f6\" data-id=\"6d5b1f6\" data-element_type=\"column\" data-e-type=\"column\">\n\t\t\t<div class=\"elementor-widget-wrap elementor-element-populated\">\n\t\t\t\t\t\t<div class=\"elementor-element elementor-element-aa584d8 elementor-widget elementor-widget-image\" data-id=\"aa584d8\" data-element_type=\"widget\" data-e-type=\"widget\" data-widget_type=\"image.default\">\n\t\t\t\t<div class=\"elementor-widget-container\">\n\t\t\t\t\t\t\t\t\t\t\t\t\t\t\t<img fetchpriority=\"high\" decoding=\"async\" width=\"1000\" height=\"667\" src=\"https:\/\/www.hurcelik.com.tr\/wp-content\/uploads\/2024\/02\/hidrolik-sistemler-celik.jpg\" class=\"attachment-large size-large wp-image-1695\" alt=\"\" srcset=\"https:\/\/www.hurcelik.com.tr\/wp-content\/uploads\/2024\/02\/hidrolik-sistemler-celik.jpg 1000w, https:\/\/www.hurcelik.com.tr\/wp-content\/uploads\/2024\/02\/hidrolik-sistemler-celik-300x200.jpg 300w, https:\/\/www.hurcelik.com.tr\/wp-content\/uploads\/2024\/02\/hidrolik-sistemler-celik-768x512.jpg 768w, https:\/\/www.hurcelik.com.tr\/wp-content\/uploads\/2024\/02\/hidrolik-sistemler-celik-18x12.jpg 18w, https:\/\/www.hurcelik.com.tr\/wp-content\/uploads\/2024\/02\/hidrolik-sistemler-celik-650x434.jpg 650w\" sizes=\"(max-width: 1000px) 100vw, 1000px\" title=\"\">\t\t\t\t\t\t\t\t\t\t\t\t\t\t\t<\/div>\n\t\t\t\t<\/div>\n\t\t\t\t\t<\/div>\n\t\t<\/div>\n\t\t\t\t<div class=\"elementor-column elementor-col-50 elementor-top-column elementor-element elementor-element-20eb21d\" data-id=\"20eb21d\" data-element_type=\"column\" data-e-type=\"column\">\n\t\t\t<div class=\"elementor-widget-wrap elementor-element-populated\">\n\t\t\t\t\t\t<div class=\"elementor-element elementor-element-22af667 elementor-widget elementor-widget-heading\" data-id=\"22af667\" data-element_type=\"widget\" data-e-type=\"widget\" data-widget_type=\"heading.default\">\n\t\t\t\t<div class=\"elementor-widget-container\">\n\t\t\t\t\t<h2 class=\"elementor-heading-title elementor-size-default\">Heat Treatable Steels<\/h2>\t\t\t\t<\/div>\n\t\t\t\t<\/div>\n\t\t\t\t<div class=\"elementor-element elementor-element-7b419be elementor-widget elementor-widget-text-editor\" data-id=\"7b419be\" data-element_type=\"widget\" data-e-type=\"widget\" data-widget_type=\"text-editor.default\">\n\t\t\t\t<div class=\"elementor-widget-container\">\n\t\t\t\t\t\t\t\t\t<h4>Due to the superior mechanical properties gained at the end of the reclamation process, it is used in a wide area, including in the manufacture of parts such as various machine and engine parts, forging parts, various bolts, crankshafts, axles, control drive parts, piston rods, various shafts and gears.<\/h4>\t\t\t\t\t\t\t\t<\/div>\n\t\t\t\t<\/div>\n\t\t\t\t\t<\/div>\n\t\t<\/div>\n\t\t\t\t\t<\/div>\n\t\t<\/section>\n\t\t\t\t<section class=\"elementor-section elementor-top-section elementor-element elementor-element-21c727a elementor-section-boxed elementor-section-height-default elementor-section-height-default\" data-id=\"21c727a\" data-element_type=\"section\" data-e-type=\"section\">\n\t\t\t\t\t\t<div class=\"elementor-container elementor-column-gap-default\">\n\t\t\t\t\t<div class=\"elementor-column elementor-col-25 elementor-top-column elementor-element elementor-element-9134dac\" data-id=\"9134dac\" data-element_type=\"column\" data-e-type=\"column\">\n\t\t\t<div class=\"elementor-widget-wrap elementor-element-populated\">\n\t\t\t\t\t\t<div class=\"elementor-element elementor-element-ec148e6 elementor-widget elementor-widget-image\" data-id=\"ec148e6\" data-element_type=\"widget\" data-e-type=\"widget\" data-widget_type=\"image.default\">\n\t\t\t\t<div class=\"elementor-widget-container\">\n\t\t\t\t\t\t\t\t\t\t\t\t\t\t\t<img decoding=\"async\" width=\"800\" height=\"450\" src=\"https:\/\/www.hurcelik.com.tr\/wp-content\/uploads\/2024\/02\/soguk-cekilmis-yuvarlak-pahlanmis.png.webp\" class=\"attachment-large size-large wp-image-1728\" alt=\"\" srcset=\"https:\/\/www.hurcelik.com.tr\/wp-content\/uploads\/2024\/02\/soguk-cekilmis-yuvarlak-pahlanmis.png.webp 800w, https:\/\/www.hurcelik.com.tr\/wp-content\/uploads\/2024\/02\/soguk-cekilmis-yuvarlak-pahlanmis.png-300x169.webp 300w, https:\/\/www.hurcelik.com.tr\/wp-content\/uploads\/2024\/02\/soguk-cekilmis-yuvarlak-pahlanmis.png-768x432.webp 768w, https:\/\/www.hurcelik.com.tr\/wp-content\/uploads\/2024\/02\/soguk-cekilmis-yuvarlak-pahlanmis.png-18x10.webp 18w, https:\/\/www.hurcelik.com.tr\/wp-content\/uploads\/2024\/02\/soguk-cekilmis-yuvarlak-pahlanmis.png-650x366.webp 650w\" sizes=\"(max-width: 800px) 100vw, 800px\" title=\"\">\t\t\t\t\t\t\t\t\t\t\t\t\t\t\t<\/div>\n\t\t\t\t<\/div>\n\t\t\t\t<div class=\"elementor-element elementor-element-b1b698e elementor-widget elementor-widget-heading\" data-id=\"b1b698e\" data-element_type=\"widget\" data-e-type=\"widget\" data-widget_type=\"heading.default\">\n\t\t\t\t<div class=\"elementor-widget-container\">\n\t\t\t\t\t<h4 class=\"elementor-heading-title elementor-size-default\">Reclamation\nSteels<\/h4>\t\t\t\t<\/div>\n\t\t\t\t<\/div>\n\t\t\t\t<div class=\"elementor-element elementor-element-60e5d60 elementor-widget elementor-widget-text-editor\" data-id=\"60e5d60\" data-element_type=\"widget\" data-e-type=\"widget\" data-widget_type=\"text-editor.default\">\n\t\t\t\t<div class=\"elementor-widget-container\">\n\t\t\t\t\t\t\t\t\t<p><strong>25CrMo4<\/strong><\/p>\n<p><strong>1.7218<\/strong><\/p>\t\t\t\t\t\t\t\t<\/div>\n\t\t\t\t<\/div>\n\t\t\t\t\t<\/div>\n\t\t<\/div>\n\t\t\t\t<div class=\"elementor-column elementor-col-25 elementor-top-column elementor-element elementor-element-44aea92\" data-id=\"44aea92\" data-element_type=\"column\" data-e-type=\"column\">\n\t\t\t<div class=\"elementor-widget-wrap elementor-element-populated\">\n\t\t\t\t\t\t<div class=\"elementor-element elementor-element-2ace741 elementor-widget elementor-widget-image\" data-id=\"2ace741\" data-element_type=\"widget\" data-e-type=\"widget\" data-widget_type=\"image.default\">\n\t\t\t\t<div class=\"elementor-widget-container\">\n\t\t\t\t\t\t\t\t\t\t\t\t\t\t\t<img decoding=\"async\" width=\"800\" height=\"450\" src=\"https:\/\/www.hurcelik.com.tr\/wp-content\/uploads\/2024\/02\/soguk-cekilmis-yuvarlak-pahlanmis.png.webp\" class=\"attachment-large size-large wp-image-1728\" alt=\"\" srcset=\"https:\/\/www.hurcelik.com.tr\/wp-content\/uploads\/2024\/02\/soguk-cekilmis-yuvarlak-pahlanmis.png.webp 800w, https:\/\/www.hurcelik.com.tr\/wp-content\/uploads\/2024\/02\/soguk-cekilmis-yuvarlak-pahlanmis.png-300x169.webp 300w, https:\/\/www.hurcelik.com.tr\/wp-content\/uploads\/2024\/02\/soguk-cekilmis-yuvarlak-pahlanmis.png-768x432.webp 768w, https:\/\/www.hurcelik.com.tr\/wp-content\/uploads\/2024\/02\/soguk-cekilmis-yuvarlak-pahlanmis.png-18x10.webp 18w, https:\/\/www.hurcelik.com.tr\/wp-content\/uploads\/2024\/02\/soguk-cekilmis-yuvarlak-pahlanmis.png-650x366.webp 650w\" sizes=\"(max-width: 800px) 100vw, 800px\" title=\"\">\t\t\t\t\t\t\t\t\t\t\t\t\t\t\t<\/div>\n\t\t\t\t<\/div>\n\t\t\t\t<div class=\"elementor-element elementor-element-2b9a328 elementor-widget elementor-widget-heading\" data-id=\"2b9a328\" data-element_type=\"widget\" data-e-type=\"widget\" data-widget_type=\"heading.default\">\n\t\t\t\t<div class=\"elementor-widget-container\">\n\t\t\t\t\t<h4 class=\"elementor-heading-title elementor-size-default\">\nReclamation\nSteels<\/h4>\t\t\t\t<\/div>\n\t\t\t\t<\/div>\n\t\t\t\t<div class=\"elementor-element elementor-element-570cd4a elementor-widget elementor-widget-text-editor\" data-id=\"570cd4a\" data-element_type=\"widget\" data-e-type=\"widget\" data-widget_type=\"text-editor.default\">\n\t\t\t\t<div class=\"elementor-widget-container\">\n\t\t\t\t\t\t\t\t\t<p><strong>30CrNiMo8<\/strong><\/p>\n<p><strong>1.6580<\/strong><\/p>\t\t\t\t\t\t\t\t<\/div>\n\t\t\t\t<\/div>\n\t\t\t\t\t<\/div>\n\t\t<\/div>\n\t\t\t\t<div class=\"elementor-column elementor-col-25 elementor-top-column elementor-element elementor-element-346cbcb\" data-id=\"346cbcb\" data-element_type=\"column\" data-e-type=\"column\">\n\t\t\t<div class=\"elementor-widget-wrap elementor-element-populated\">\n\t\t\t\t\t\t<div class=\"elementor-element elementor-element-f89579e elementor-widget elementor-widget-image\" data-id=\"f89579e\" data-element_type=\"widget\" data-e-type=\"widget\" data-widget_type=\"image.default\">\n\t\t\t\t<div class=\"elementor-widget-container\">\n\t\t\t\t\t\t\t\t\t\t\t\t\t\t\t<img decoding=\"async\" width=\"800\" height=\"450\" src=\"https:\/\/www.hurcelik.com.tr\/wp-content\/uploads\/2024\/02\/soguk-cekilmis-yuvarlak-pahlanmis.png.webp\" class=\"attachment-large size-large wp-image-1728\" alt=\"\" srcset=\"https:\/\/www.hurcelik.com.tr\/wp-content\/uploads\/2024\/02\/soguk-cekilmis-yuvarlak-pahlanmis.png.webp 800w, https:\/\/www.hurcelik.com.tr\/wp-content\/uploads\/2024\/02\/soguk-cekilmis-yuvarlak-pahlanmis.png-300x169.webp 300w, https:\/\/www.hurcelik.com.tr\/wp-content\/uploads\/2024\/02\/soguk-cekilmis-yuvarlak-pahlanmis.png-768x432.webp 768w, https:\/\/www.hurcelik.com.tr\/wp-content\/uploads\/2024\/02\/soguk-cekilmis-yuvarlak-pahlanmis.png-18x10.webp 18w, https:\/\/www.hurcelik.com.tr\/wp-content\/uploads\/2024\/02\/soguk-cekilmis-yuvarlak-pahlanmis.png-650x366.webp 650w\" sizes=\"(max-width: 800px) 100vw, 800px\" title=\"\">\t\t\t\t\t\t\t\t\t\t\t\t\t\t\t<\/div>\n\t\t\t\t<\/div>\n\t\t\t\t<div class=\"elementor-element elementor-element-196717a elementor-widget elementor-widget-heading\" data-id=\"196717a\" data-element_type=\"widget\" data-e-type=\"widget\" data-widget_type=\"heading.default\">\n\t\t\t\t<div class=\"elementor-widget-container\">\n\t\t\t\t\t<h4 class=\"elementor-heading-title elementor-size-default\">\nReclamation\nSteels<\/h4>\t\t\t\t<\/div>\n\t\t\t\t<\/div>\n\t\t\t\t<div class=\"elementor-element elementor-element-db52b27 elementor-widget elementor-widget-text-editor\" data-id=\"db52b27\" data-element_type=\"widget\" data-e-type=\"widget\" data-widget_type=\"text-editor.default\">\n\t\t\t\t<div class=\"elementor-widget-container\">\n\t\t\t\t\t\t\t\t\t<p><strong>34Cr4<\/strong><\/p>\n<p><strong>1.7033<\/strong><\/p>\t\t\t\t\t\t\t\t<\/div>\n\t\t\t\t<\/div>\n\t\t\t\t\t<\/div>\n\t\t<\/div>\n\t\t\t\t<div class=\"elementor-column elementor-col-25 elementor-top-column elementor-element elementor-element-179fac4\" data-id=\"179fac4\" data-element_type=\"column\" data-e-type=\"column\">\n\t\t\t<div class=\"elementor-widget-wrap elementor-element-populated\">\n\t\t\t\t\t\t<div class=\"elementor-element elementor-element-42aaa37 elementor-widget elementor-widget-image\" data-id=\"42aaa37\" data-element_type=\"widget\" data-e-type=\"widget\" data-widget_type=\"image.default\">\n\t\t\t\t<div class=\"elementor-widget-container\">\n\t\t\t\t\t\t\t\t\t\t\t\t\t\t\t<img decoding=\"async\" width=\"800\" height=\"450\" src=\"https:\/\/www.hurcelik.com.tr\/wp-content\/uploads\/2024\/02\/soguk-cekilmis-yuvarlak-pahlanmis.png.webp\" class=\"attachment-large size-large wp-image-1728\" alt=\"\" srcset=\"https:\/\/www.hurcelik.com.tr\/wp-content\/uploads\/2024\/02\/soguk-cekilmis-yuvarlak-pahlanmis.png.webp 800w, https:\/\/www.hurcelik.com.tr\/wp-content\/uploads\/2024\/02\/soguk-cekilmis-yuvarlak-pahlanmis.png-300x169.webp 300w, https:\/\/www.hurcelik.com.tr\/wp-content\/uploads\/2024\/02\/soguk-cekilmis-yuvarlak-pahlanmis.png-768x432.webp 768w, https:\/\/www.hurcelik.com.tr\/wp-content\/uploads\/2024\/02\/soguk-cekilmis-yuvarlak-pahlanmis.png-18x10.webp 18w, https:\/\/www.hurcelik.com.tr\/wp-content\/uploads\/2024\/02\/soguk-cekilmis-yuvarlak-pahlanmis.png-650x366.webp 650w\" sizes=\"(max-width: 800px) 100vw, 800px\" title=\"\">\t\t\t\t\t\t\t\t\t\t\t\t\t\t\t<\/div>\n\t\t\t\t<\/div>\n\t\t\t\t<div class=\"elementor-element elementor-element-2870a8f elementor-widget elementor-widget-heading\" data-id=\"2870a8f\" data-element_type=\"widget\" data-e-type=\"widget\" data-widget_type=\"heading.default\">\n\t\t\t\t<div class=\"elementor-widget-container\">\n\t\t\t\t\t<h4 class=\"elementor-heading-title elementor-size-default\">Reclamation\nSteels<\/h4>\t\t\t\t<\/div>\n\t\t\t\t<\/div>\n\t\t\t\t<div class=\"elementor-element elementor-element-92319d1 elementor-widget elementor-widget-text-editor\" data-id=\"92319d1\" data-element_type=\"widget\" data-e-type=\"widget\" data-widget_type=\"text-editor.default\">\n\t\t\t\t<div class=\"elementor-widget-container\">\n\t\t\t\t\t\t\t\t\t<p><strong>34CrMoS4<\/strong><\/p>\n<p><strong>1.7226<\/strong><\/p>\t\t\t\t\t\t\t\t<\/div>\n\t\t\t\t<\/div>\n\t\t\t\t\t<\/div>\n\t\t<\/div>\n\t\t\t\t\t<\/div>\n\t\t<\/section>\n\t\t\t\t<section class=\"elementor-section elementor-top-section elementor-element elementor-element-04bef6f elementor-section-boxed elementor-section-height-default elementor-section-height-default\" data-id=\"04bef6f\" data-element_type=\"section\" data-e-type=\"section\">\n\t\t\t\t\t\t<div class=\"elementor-container elementor-column-gap-default\">\n\t\t\t\t\t<div class=\"elementor-column elementor-col-25 elementor-top-column elementor-element elementor-element-5b6517c\" data-id=\"5b6517c\" data-element_type=\"column\" data-e-type=\"column\">\n\t\t\t<div class=\"elementor-widget-wrap elementor-element-populated\">\n\t\t\t\t\t\t<div class=\"elementor-element elementor-element-a440b7f elementor-widget elementor-widget-image\" data-id=\"a440b7f\" data-element_type=\"widget\" data-e-type=\"widget\" data-widget_type=\"image.default\">\n\t\t\t\t<div class=\"elementor-widget-container\">\n\t\t\t\t\t\t\t\t\t\t\t\t\t\t\t<img decoding=\"async\" width=\"800\" height=\"450\" src=\"https:\/\/www.hurcelik.com.tr\/wp-content\/uploads\/2024\/02\/soguk-cekilmis-yuvarlak-pahlanmis.png.webp\" class=\"attachment-large size-large wp-image-1728\" alt=\"\" srcset=\"https:\/\/www.hurcelik.com.tr\/wp-content\/uploads\/2024\/02\/soguk-cekilmis-yuvarlak-pahlanmis.png.webp 800w, https:\/\/www.hurcelik.com.tr\/wp-content\/uploads\/2024\/02\/soguk-cekilmis-yuvarlak-pahlanmis.png-300x169.webp 300w, https:\/\/www.hurcelik.com.tr\/wp-content\/uploads\/2024\/02\/soguk-cekilmis-yuvarlak-pahlanmis.png-768x432.webp 768w, https:\/\/www.hurcelik.com.tr\/wp-content\/uploads\/2024\/02\/soguk-cekilmis-yuvarlak-pahlanmis.png-18x10.webp 18w, https:\/\/www.hurcelik.com.tr\/wp-content\/uploads\/2024\/02\/soguk-cekilmis-yuvarlak-pahlanmis.png-650x366.webp 650w\" sizes=\"(max-width: 800px) 100vw, 800px\" title=\"\">\t\t\t\t\t\t\t\t\t\t\t\t\t\t\t<\/div>\n\t\t\t\t<\/div>\n\t\t\t\t<div class=\"elementor-element elementor-element-c314bc7 elementor-widget elementor-widget-heading\" data-id=\"c314bc7\" data-element_type=\"widget\" data-e-type=\"widget\" data-widget_type=\"heading.default\">\n\t\t\t\t<div class=\"elementor-widget-container\">\n\t\t\t\t\t<h4 class=\"elementor-heading-title elementor-size-default\">\nReclamation\nSteels<\/h4>\t\t\t\t<\/div>\n\t\t\t\t<\/div>\n\t\t\t\t<div class=\"elementor-element elementor-element-7e97f03 elementor-widget elementor-widget-text-editor\" data-id=\"7e97f03\" data-element_type=\"widget\" data-e-type=\"widget\" data-widget_type=\"text-editor.default\">\n\t\t\t\t<div class=\"elementor-widget-container\">\n\t\t\t\t\t\t\t\t\t<p><strong>34CrS4<\/strong><\/p>\n<p><strong>1.7037<\/strong><\/p>\t\t\t\t\t\t\t\t<\/div>\n\t\t\t\t<\/div>\n\t\t\t\t\t<\/div>\n\t\t<\/div>\n\t\t\t\t<div class=\"elementor-column elementor-col-25 elementor-top-column elementor-element elementor-element-355ad90\" data-id=\"355ad90\" data-element_type=\"column\" data-e-type=\"column\">\n\t\t\t<div class=\"elementor-widget-wrap elementor-element-populated\">\n\t\t\t\t\t\t<div class=\"elementor-element elementor-element-a5db28e elementor-widget elementor-widget-image\" data-id=\"a5db28e\" data-element_type=\"widget\" data-e-type=\"widget\" data-widget_type=\"image.default\">\n\t\t\t\t<div class=\"elementor-widget-container\">\n\t\t\t\t\t\t\t\t\t\t\t\t\t\t\t<img decoding=\"async\" width=\"800\" height=\"450\" src=\"https:\/\/www.hurcelik.com.tr\/wp-content\/uploads\/2024\/02\/soguk-cekilmis-yuvarlak-pahlanmis.png.webp\" class=\"attachment-large size-large wp-image-1728\" alt=\"\" srcset=\"https:\/\/www.hurcelik.com.tr\/wp-content\/uploads\/2024\/02\/soguk-cekilmis-yuvarlak-pahlanmis.png.webp 800w, https:\/\/www.hurcelik.com.tr\/wp-content\/uploads\/2024\/02\/soguk-cekilmis-yuvarlak-pahlanmis.png-300x169.webp 300w, https:\/\/www.hurcelik.com.tr\/wp-content\/uploads\/2024\/02\/soguk-cekilmis-yuvarlak-pahlanmis.png-768x432.webp 768w, https:\/\/www.hurcelik.com.tr\/wp-content\/uploads\/2024\/02\/soguk-cekilmis-yuvarlak-pahlanmis.png-18x10.webp 18w, https:\/\/www.hurcelik.com.tr\/wp-content\/uploads\/2024\/02\/soguk-cekilmis-yuvarlak-pahlanmis.png-650x366.webp 650w\" sizes=\"(max-width: 800px) 100vw, 800px\" title=\"\">\t\t\t\t\t\t\t\t\t\t\t\t\t\t\t<\/div>\n\t\t\t\t<\/div>\n\t\t\t\t<div class=\"elementor-element elementor-element-0c26f13 elementor-widget elementor-widget-heading\" data-id=\"0c26f13\" data-element_type=\"widget\" data-e-type=\"widget\" data-widget_type=\"heading.default\">\n\t\t\t\t<div class=\"elementor-widget-container\">\n\t\t\t\t\t<h4 class=\"elementor-heading-title elementor-size-default\">Reclamation\nSteels<\/h4>\t\t\t\t<\/div>\n\t\t\t\t<\/div>\n\t\t\t\t<div class=\"elementor-element elementor-element-39739b2 elementor-widget elementor-widget-text-editor\" data-id=\"39739b2\" data-element_type=\"widget\" data-e-type=\"widget\" data-widget_type=\"text-editor.default\">\n\t\t\t\t<div class=\"elementor-widget-container\">\n\t\t\t\t\t\t\t\t\t<p><strong>34CrNiMo6<\/strong><\/p>\n<p><strong>1.6582<\/strong><\/p>\t\t\t\t\t\t\t\t<\/div>\n\t\t\t\t<\/div>\n\t\t\t\t\t<\/div>\n\t\t<\/div>\n\t\t\t\t<div class=\"elementor-column elementor-col-25 elementor-top-column elementor-element elementor-element-12d2724\" data-id=\"12d2724\" data-element_type=\"column\" data-e-type=\"column\">\n\t\t\t<div class=\"elementor-widget-wrap elementor-element-populated\">\n\t\t\t\t\t\t<div class=\"elementor-element elementor-element-6288089 elementor-widget elementor-widget-image\" data-id=\"6288089\" data-element_type=\"widget\" data-e-type=\"widget\" data-widget_type=\"image.default\">\n\t\t\t\t<div class=\"elementor-widget-container\">\n\t\t\t\t\t\t\t\t\t\t\t\t\t\t\t<img decoding=\"async\" width=\"800\" height=\"450\" src=\"https:\/\/www.hurcelik.com.tr\/wp-content\/uploads\/2024\/02\/soguk-cekilmis-yuvarlak-pahlanmis.png.webp\" class=\"attachment-large size-large wp-image-1728\" alt=\"\" srcset=\"https:\/\/www.hurcelik.com.tr\/wp-content\/uploads\/2024\/02\/soguk-cekilmis-yuvarlak-pahlanmis.png.webp 800w, https:\/\/www.hurcelik.com.tr\/wp-content\/uploads\/2024\/02\/soguk-cekilmis-yuvarlak-pahlanmis.png-300x169.webp 300w, https:\/\/www.hurcelik.com.tr\/wp-content\/uploads\/2024\/02\/soguk-cekilmis-yuvarlak-pahlanmis.png-768x432.webp 768w, https:\/\/www.hurcelik.com.tr\/wp-content\/uploads\/2024\/02\/soguk-cekilmis-yuvarlak-pahlanmis.png-18x10.webp 18w, https:\/\/www.hurcelik.com.tr\/wp-content\/uploads\/2024\/02\/soguk-cekilmis-yuvarlak-pahlanmis.png-650x366.webp 650w\" sizes=\"(max-width: 800px) 100vw, 800px\" title=\"\">\t\t\t\t\t\t\t\t\t\t\t\t\t\t\t<\/div>\n\t\t\t\t<\/div>\n\t\t\t\t<div class=\"elementor-element elementor-element-fb1acf1 elementor-widget elementor-widget-heading\" data-id=\"fb1acf1\" data-element_type=\"widget\" data-e-type=\"widget\" data-widget_type=\"heading.default\">\n\t\t\t\t<div class=\"elementor-widget-container\">\n\t\t\t\t\t<h4 class=\"elementor-heading-title elementor-size-default\">\nReclamation\nSteels<\/h4>\t\t\t\t<\/div>\n\t\t\t\t<\/div>\n\t\t\t\t<div class=\"elementor-element elementor-element-5047379 elementor-widget elementor-widget-text-editor\" data-id=\"5047379\" data-element_type=\"widget\" data-e-type=\"widget\" data-widget_type=\"text-editor.default\">\n\t\t\t\t<div class=\"elementor-widget-container\">\n\t\t\t\t\t\t\t\t\t<p><strong>34CrMo4<\/strong><\/p>\n<p><strong>1.7220<\/strong><\/p>\t\t\t\t\t\t\t\t<\/div>\n\t\t\t\t<\/div>\n\t\t\t\t\t<\/div>\n\t\t<\/div>\n\t\t\t\t<div class=\"elementor-column elementor-col-25 elementor-top-column elementor-element elementor-element-3f65352\" data-id=\"3f65352\" data-element_type=\"column\" data-e-type=\"column\">\n\t\t\t<div class=\"elementor-widget-wrap elementor-element-populated\">\n\t\t\t\t\t\t<div class=\"elementor-element elementor-element-77a87e3 elementor-widget elementor-widget-image\" data-id=\"77a87e3\" data-element_type=\"widget\" data-e-type=\"widget\" data-widget_type=\"image.default\">\n\t\t\t\t<div class=\"elementor-widget-container\">\n\t\t\t\t\t\t\t\t\t\t\t\t\t\t\t<img decoding=\"async\" width=\"800\" height=\"450\" src=\"https:\/\/www.hurcelik.com.tr\/wp-content\/uploads\/2024\/02\/soguk-cekilmis-yuvarlak-pahlanmis.png.webp\" class=\"attachment-large size-large wp-image-1728\" alt=\"\" srcset=\"https:\/\/www.hurcelik.com.tr\/wp-content\/uploads\/2024\/02\/soguk-cekilmis-yuvarlak-pahlanmis.png.webp 800w, https:\/\/www.hurcelik.com.tr\/wp-content\/uploads\/2024\/02\/soguk-cekilmis-yuvarlak-pahlanmis.png-300x169.webp 300w, https:\/\/www.hurcelik.com.tr\/wp-content\/uploads\/2024\/02\/soguk-cekilmis-yuvarlak-pahlanmis.png-768x432.webp 768w, https:\/\/www.hurcelik.com.tr\/wp-content\/uploads\/2024\/02\/soguk-cekilmis-yuvarlak-pahlanmis.png-18x10.webp 18w, https:\/\/www.hurcelik.com.tr\/wp-content\/uploads\/2024\/02\/soguk-cekilmis-yuvarlak-pahlanmis.png-650x366.webp 650w\" sizes=\"(max-width: 800px) 100vw, 800px\" title=\"\">\t\t\t\t\t\t\t\t\t\t\t\t\t\t\t<\/div>\n\t\t\t\t<\/div>\n\t\t\t\t<div class=\"elementor-element elementor-element-dc09ab2 elementor-widget elementor-widget-heading\" data-id=\"dc09ab2\" data-element_type=\"widget\" data-e-type=\"widget\" data-widget_type=\"heading.default\">\n\t\t\t\t<div class=\"elementor-widget-container\">\n\t\t\t\t\t<h4 class=\"elementor-heading-title elementor-size-default\">Reclamation\nSteels<\/h4>\t\t\t\t<\/div>\n\t\t\t\t<\/div>\n\t\t\t\t<div class=\"elementor-element elementor-element-22a9851 elementor-widget elementor-widget-text-editor\" data-id=\"22a9851\" data-element_type=\"widget\" data-e-type=\"widget\" data-widget_type=\"text-editor.default\">\n\t\t\t\t<div class=\"elementor-widget-container\">\n\t\t\t\t\t\t\t\t\t<p><strong>36CrNiMo4<\/strong><\/p>\n<p><strong>1.6511<\/strong><\/p>\t\t\t\t\t\t\t\t<\/div>\n\t\t\t\t<\/div>\n\t\t\t\t\t<\/div>\n\t\t<\/div>\n\t\t\t\t\t<\/div>\n\t\t<\/section>\n\t\t\t\t<section class=\"elementor-section elementor-top-section elementor-element elementor-element-a28a8bc elementor-section-boxed elementor-section-height-default elementor-section-height-default\" data-id=\"a28a8bc\" data-element_type=\"section\" data-e-type=\"section\">\n\t\t\t\t\t\t<div class=\"elementor-container elementor-column-gap-default\">\n\t\t\t\t\t<div class=\"elementor-column elementor-col-33 elementor-top-column elementor-element elementor-element-b4beb10\" data-id=\"b4beb10\" data-element_type=\"column\" data-e-type=\"column\">\n\t\t\t<div class=\"elementor-widget-wrap\">\n\t\t\t\t\t\t\t<\/div>\n\t\t<\/div>\n\t\t\t\t<div class=\"elementor-column elementor-col-33 elementor-top-column elementor-element elementor-element-bc51a58\" data-id=\"bc51a58\" data-element_type=\"column\" data-e-type=\"column\">\n\t\t\t<div class=\"elementor-widget-wrap elementor-element-populated\">\n\t\t\t\t\t\t<div class=\"elementor-element elementor-element-8dc2ab2 elementor-widget elementor-widget-image\" data-id=\"8dc2ab2\" data-element_type=\"widget\" data-e-type=\"widget\" data-widget_type=\"image.default\">\n\t\t\t\t<div class=\"elementor-widget-container\">\n\t\t\t\t\t\t\t\t\t\t\t\t\t\t\t<img decoding=\"async\" width=\"800\" height=\"450\" src=\"https:\/\/www.hurcelik.com.tr\/wp-content\/uploads\/2024\/02\/soguk-cekilmis-yuvarlak-pahlanmis.png.webp\" class=\"attachment-large size-large wp-image-1728\" alt=\"\" srcset=\"https:\/\/www.hurcelik.com.tr\/wp-content\/uploads\/2024\/02\/soguk-cekilmis-yuvarlak-pahlanmis.png.webp 800w, https:\/\/www.hurcelik.com.tr\/wp-content\/uploads\/2024\/02\/soguk-cekilmis-yuvarlak-pahlanmis.png-300x169.webp 300w, https:\/\/www.hurcelik.com.tr\/wp-content\/uploads\/2024\/02\/soguk-cekilmis-yuvarlak-pahlanmis.png-768x432.webp 768w, https:\/\/www.hurcelik.com.tr\/wp-content\/uploads\/2024\/02\/soguk-cekilmis-yuvarlak-pahlanmis.png-18x10.webp 18w, https:\/\/www.hurcelik.com.tr\/wp-content\/uploads\/2024\/02\/soguk-cekilmis-yuvarlak-pahlanmis.png-650x366.webp 650w\" sizes=\"(max-width: 800px) 100vw, 800px\" title=\"\">\t\t\t\t\t\t\t\t\t\t\t\t\t\t\t<\/div>\n\t\t\t\t<\/div>\n\t\t\t\t<div class=\"elementor-element elementor-element-4c8c18f elementor-widget elementor-widget-heading\" data-id=\"4c8c18f\" data-element_type=\"widget\" data-e-type=\"widget\" data-widget_type=\"heading.default\">\n\t\t\t\t<div class=\"elementor-widget-container\">\n\t\t\t\t\t<h4 class=\"elementor-heading-title elementor-size-default\">\nReclamation\nSteels<\/h4>\t\t\t\t<\/div>\n\t\t\t\t<\/div>\n\t\t\t\t<div class=\"elementor-element elementor-element-b9d2cef elementor-widget elementor-widget-text-editor\" data-id=\"b9d2cef\" data-element_type=\"widget\" data-e-type=\"widget\" data-widget_type=\"text-editor.default\">\n\t\t\t\t<div class=\"elementor-widget-container\">\n\t\t\t\t\t\t\t\t\t<p><strong>34CrS4<\/strong><\/p>\n<p><strong>1.7037<\/strong><\/p>\t\t\t\t\t\t\t\t<\/div>\n\t\t\t\t<\/div>\n\t\t\t\t\t<\/div>\n\t\t<\/div>\n\t\t\t\t<div class=\"elementor-column elementor-col-33 elementor-top-column elementor-element elementor-element-d2c119a\" data-id=\"d2c119a\" data-element_type=\"column\" data-e-type=\"column\">\n\t\t\t<div class=\"elementor-widget-wrap\">\n\t\t\t\t\t\t\t<\/div>\n\t\t<\/div>\n\t\t\t\t\t<\/div>\n\t\t<\/section>\n\t\t\t\t<\/div>","protected":false},"excerpt":{"rendered":"<p>Islah \u00c7elikleri Islah i\u015flemi sonunda kazand\u0131klar\u0131 \u00fcst\u00fcn mekanik \u00f6zelliklerinden dolay\u0131, \u00e7e\u015fitli makina ve motor par\u00e7alar\u0131, d\u00f6vme par\u00e7alar\u0131, \u00e7e\u015fitli civata, somun saplamalar, krank [&hellip;]<\/p>\n","protected":false},"author":2,"featured_media":0,"parent":0,"menu_order":0,"comment_status":"closed","ping_status":"closed","template":"","meta":{"footnotes":""},"class_list":["post-1761","page","type-page","status-publish","hentry"],"_links":{"self":[{"href":"https:\/\/www.hurcelik.com.tr\/en\/wp-json\/wp\/v2\/pages\/1761","targetHints":{"allow":["GET"]}}],"collection":[{"href":"https:\/\/www.hurcelik.com.tr\/en\/wp-json\/wp\/v2\/pages"}],"about":[{"href":"https:\/\/www.hurcelik.com.tr\/en\/wp-json\/wp\/v2\/types\/page"}],"author":[{"embeddable":true,"href":"https:\/\/www.hurcelik.com.tr\/en\/wp-json\/wp\/v2\/users\/2"}],"replies":[{"embeddable":true,"href":"https:\/\/www.hurcelik.com.tr\/en\/wp-json\/wp\/v2\/comments?post=1761"}],"version-history":[{"count":0,"href":"https:\/\/www.hurcelik.com.tr\/en\/wp-json\/wp\/v2\/pages\/1761\/revisions"}],"wp:attachment":[{"href":"https:\/\/www.hurcelik.com.tr\/en\/wp-json\/wp\/v2\/media?parent=1761"}],"curies":[{"name":"wp","href":"https:\/\/api.w.org\/{rel}","templated":true}]}}