{"id":1725,"date":"2024-02-20T16:44:35","date_gmt":"2024-02-20T13:44:35","guid":{"rendered":"https:\/\/www.hurcelik.com.tr\/?page_id=1725"},"modified":"2024-03-25T12:50:15","modified_gmt":"2024-03-25T09:50:15","slug":"karbon-celikleri","status":"publish","type":"page","link":"https:\/\/www.hurcelik.com.tr\/en\/karbon-celikleri\/","title":{"rendered":"Carbon Steels"},"content":{"rendered":"\t\t<div data-elementor-type=\"wp-page\" data-elementor-id=\"1725\" class=\"elementor elementor-1725\" data-elementor-post-type=\"page\">\n\t\t\t\t\t\t<section class=\"elementor-section elementor-top-section elementor-element elementor-element-eabbd75 elementor-section-boxed elementor-section-height-default elementor-section-height-default\" data-id=\"eabbd75\" data-element_type=\"section\" data-e-type=\"section\">\n\t\t\t\t\t\t<div class=\"elementor-container elementor-column-gap-default\">\n\t\t\t\t\t<div class=\"elementor-column elementor-col-50 elementor-top-column elementor-element elementor-element-6d5b1f6\" data-id=\"6d5b1f6\" data-element_type=\"column\" data-e-type=\"column\">\n\t\t\t<div class=\"elementor-widget-wrap elementor-element-populated\">\n\t\t\t\t\t\t<div class=\"elementor-element elementor-element-aa584d8 elementor-widget elementor-widget-image\" data-id=\"aa584d8\" data-element_type=\"widget\" data-e-type=\"widget\" data-widget_type=\"image.default\">\n\t\t\t\t<div class=\"elementor-widget-container\">\n\t\t\t\t\t\t\t\t\t\t\t\t\t\t\t<img fetchpriority=\"high\" decoding=\"async\" width=\"1000\" height=\"667\" src=\"https:\/\/www.hurcelik.com.tr\/wp-content\/uploads\/2024\/02\/hidrolik-sistemler-celik.jpg\" class=\"attachment-large size-large wp-image-1695\" alt=\"\" srcset=\"https:\/\/www.hurcelik.com.tr\/wp-content\/uploads\/2024\/02\/hidrolik-sistemler-celik.jpg 1000w, https:\/\/www.hurcelik.com.tr\/wp-content\/uploads\/2024\/02\/hidrolik-sistemler-celik-300x200.jpg 300w, https:\/\/www.hurcelik.com.tr\/wp-content\/uploads\/2024\/02\/hidrolik-sistemler-celik-768x512.jpg 768w, https:\/\/www.hurcelik.com.tr\/wp-content\/uploads\/2024\/02\/hidrolik-sistemler-celik-18x12.jpg 18w, https:\/\/www.hurcelik.com.tr\/wp-content\/uploads\/2024\/02\/hidrolik-sistemler-celik-650x434.jpg 650w\" sizes=\"(max-width: 1000px) 100vw, 1000px\" title=\"\">\t\t\t\t\t\t\t\t\t\t\t\t\t\t\t<\/div>\n\t\t\t\t<\/div>\n\t\t\t\t\t<\/div>\n\t\t<\/div>\n\t\t\t\t<div class=\"elementor-column elementor-col-50 elementor-top-column elementor-element elementor-element-20eb21d\" data-id=\"20eb21d\" data-element_type=\"column\" data-e-type=\"column\">\n\t\t\t<div class=\"elementor-widget-wrap elementor-element-populated\">\n\t\t\t\t\t\t<div class=\"elementor-element elementor-element-22af667 elementor-widget elementor-widget-heading\" data-id=\"22af667\" data-element_type=\"widget\" data-e-type=\"widget\" data-widget_type=\"heading.default\">\n\t\t\t\t<div class=\"elementor-widget-container\">\n\t\t\t\t\t<h2 class=\"elementor-heading-title elementor-size-default\">Karbon \u00c7elikleri<\/h2>\t\t\t\t<\/div>\n\t\t\t\t<\/div>\n\t\t\t\t<div class=\"elementor-element elementor-element-7b419be elementor-widget elementor-widget-text-editor\" data-id=\"7b419be\" data-element_type=\"widget\" data-e-type=\"widget\" data-widget_type=\"text-editor.default\">\n\t\t\t\t<div class=\"elementor-widget-container\">\n\t\t\t\t\t\t\t\t\t<div class=\"flex-1 overflow-hidden\"><div class=\"react-scroll-to-bottom--css-gjujt-79elbk h-full\"><div class=\"react-scroll-to-bottom--css-gjujt-1n7m0yu\"><div class=\"flex flex-col text-sm pb-9\"><div class=\"w-full text-token-text-primary\" data-testid=\"conversation-turn-3\"><div class=\"px-4 py-2 justify-center text-base md:gap-6 m-auto\"><div class=\"flex flex-1 text-base mx-auto gap-3 md:px-5 lg:px-1 xl:px-5 md:max-w-3xl lg:max-w-[40rem] xl:max-w-[48rem] group final-completion\"><div class=\"relative flex w-full flex-col agent-turn\"><div class=\"flex-col gap-1 md:gap-3\"><div class=\"flex flex-grow flex-col max-w-full\"><div class=\"min-h-[20px] text-message flex flex-col items-start gap-3 whitespace-pre-wrap break-words [.text-message+&amp;]:mt-5 overflow-x-auto\" data-message-author-role=\"assistant\" data-message-id=\"9d2b633b-5a0b-496a-bd9a-017f7c84f6a3\"><div class=\"markdown prose w-full break-words dark:prose-invert light\"><h4>Karbon \u00e7elikleri, demirin karbonla birle\u015ferek olu\u015fturdu\u011fu ala\u015f\u0131mlard\u0131r. Genellikle k\u00fc\u00e7\u00fck miktarlarda karbon i\u00e7erirler, ancak bu miktarlar \u00e7eliklerin \u00f6zelliklerini b\u00fcy\u00fck \u00f6l\u00e7\u00fcde etkiler. Karbon \u00e7elikleri, dayan\u0131kl\u0131l\u0131k, sertlik ve mukavemet gibi \u00f6zelliklerinden dolay\u0131 end\u00fcstride yayg\u0131n olarak kullan\u0131l\u0131rlar. Is\u0131l i\u015flem teknikleri kullan\u0131larak \u00e7e\u015fitli \u00f6zelliklere sahip \u00e7elikler elde edilebilirler.<\/h4><\/div><\/div><\/div><div class=\"mt-1 flex justify-start gap-3 empty:hidden\"><div class=\"text-gray-400 flex self-end lg:self-center justify-center lg:justify-start mt-0 -ml-1 h-7 visible\"><p>\u00a0<\/p><div class=\"flex items-center gap-1.5 text-xs\">\u00a0<\/div><div class=\"flex\">\u00a0<\/div><\/div><\/div><div class=\"pr-2 lg:pr-0\">\u00a0<\/div><\/div><\/div><\/div><\/div><\/div><\/div><\/div><\/div><\/div><div class=\"w-full pt-2 md:pt-0 dark:border-white\/20 md:border-transparent md:dark:border-transparent md:w-[calc(100%-.5rem)]\"><form class=\"stretch mx-2 flex flex-row gap-3 last:mb-2 md:mx-4 md:last:mb-6 lg:mx-auto lg:max-w-2xl xl:max-w-3xl\"><div class=\"relative flex h-full flex-1 flex-col\"><div class=\"flex w-full items-center\">\u00a0<\/div><\/div><\/form><\/div>\t\t\t\t\t\t\t\t<\/div>\n\t\t\t\t<\/div>\n\t\t\t\t\t<\/div>\n\t\t<\/div>\n\t\t\t\t\t<\/div>\n\t\t<\/section>\n\t\t\t\t<section class=\"elementor-section elementor-top-section elementor-element elementor-element-21c727a elementor-section-boxed elementor-section-height-default elementor-section-height-default\" data-id=\"21c727a\" data-element_type=\"section\" data-e-type=\"section\">\n\t\t\t\t\t\t<div class=\"elementor-container elementor-column-gap-default\">\n\t\t\t\t\t<div class=\"elementor-column elementor-col-25 elementor-top-column elementor-element elementor-element-9134dac\" data-id=\"9134dac\" data-element_type=\"column\" data-e-type=\"column\">\n\t\t\t<div class=\"elementor-widget-wrap elementor-element-populated\">\n\t\t\t\t\t\t<div class=\"elementor-element elementor-element-ec148e6 elementor-widget elementor-widget-image\" data-id=\"ec148e6\" data-element_type=\"widget\" data-e-type=\"widget\" data-widget_type=\"image.default\">\n\t\t\t\t<div class=\"elementor-widget-container\">\n\t\t\t\t\t\t\t\t\t\t\t\t\t\t\t<img decoding=\"async\" width=\"800\" height=\"450\" src=\"https:\/\/www.hurcelik.com.tr\/wp-content\/uploads\/2024\/02\/soguk-cekilmis-yuvarlak-pahlanmis.png.webp\" class=\"attachment-large size-large wp-image-1728\" alt=\"\" srcset=\"https:\/\/www.hurcelik.com.tr\/wp-content\/uploads\/2024\/02\/soguk-cekilmis-yuvarlak-pahlanmis.png.webp 800w, https:\/\/www.hurcelik.com.tr\/wp-content\/uploads\/2024\/02\/soguk-cekilmis-yuvarlak-pahlanmis.png-300x169.webp 300w, https:\/\/www.hurcelik.com.tr\/wp-content\/uploads\/2024\/02\/soguk-cekilmis-yuvarlak-pahlanmis.png-768x432.webp 768w, https:\/\/www.hurcelik.com.tr\/wp-content\/uploads\/2024\/02\/soguk-cekilmis-yuvarlak-pahlanmis.png-18x10.webp 18w, https:\/\/www.hurcelik.com.tr\/wp-content\/uploads\/2024\/02\/soguk-cekilmis-yuvarlak-pahlanmis.png-650x366.webp 650w\" sizes=\"(max-width: 800px) 100vw, 800px\" title=\"\">\t\t\t\t\t\t\t\t\t\t\t\t\t\t\t<\/div>\n\t\t\t\t<\/div>\n\t\t\t\t<div class=\"elementor-element elementor-element-b1b698e elementor-widget elementor-widget-heading\" data-id=\"b1b698e\" data-element_type=\"widget\" data-e-type=\"widget\" data-widget_type=\"heading.default\">\n\t\t\t\t<div class=\"elementor-widget-container\">\n\t\t\t\t\t<h4 class=\"elementor-heading-title elementor-size-default\">\nKarbon \u00c7elikleri<\/h4>\t\t\t\t<\/div>\n\t\t\t\t<\/div>\n\t\t\t\t<div class=\"elementor-element elementor-element-60e5d60 elementor-widget elementor-widget-text-editor\" data-id=\"60e5d60\" data-element_type=\"widget\" data-e-type=\"widget\" data-widget_type=\"text-editor.default\">\n\t\t\t\t<div class=\"elementor-widget-container\">\n\t\t\t\t\t\t\t\t\t<p><strong>C25<\/strong><\/p><p><strong>1.0406<\/strong><\/p>\t\t\t\t\t\t\t\t<\/div>\n\t\t\t\t<\/div>\n\t\t\t\t\t<\/div>\n\t\t<\/div>\n\t\t\t\t<div class=\"elementor-column elementor-col-25 elementor-top-column elementor-element elementor-element-44aea92\" data-id=\"44aea92\" data-element_type=\"column\" data-e-type=\"column\">\n\t\t\t<div class=\"elementor-widget-wrap elementor-element-populated\">\n\t\t\t\t\t\t<div class=\"elementor-element elementor-element-2ace741 elementor-widget elementor-widget-image\" data-id=\"2ace741\" data-element_type=\"widget\" data-e-type=\"widget\" data-widget_type=\"image.default\">\n\t\t\t\t<div class=\"elementor-widget-container\">\n\t\t\t\t\t\t\t\t\t\t\t\t\t\t\t<img decoding=\"async\" width=\"800\" height=\"450\" src=\"https:\/\/www.hurcelik.com.tr\/wp-content\/uploads\/2024\/02\/soguk-cekilmis-yuvarlak-pahlanmis.png.webp\" class=\"attachment-large size-large wp-image-1728\" alt=\"\" srcset=\"https:\/\/www.hurcelik.com.tr\/wp-content\/uploads\/2024\/02\/soguk-cekilmis-yuvarlak-pahlanmis.png.webp 800w, https:\/\/www.hurcelik.com.tr\/wp-content\/uploads\/2024\/02\/soguk-cekilmis-yuvarlak-pahlanmis.png-300x169.webp 300w, https:\/\/www.hurcelik.com.tr\/wp-content\/uploads\/2024\/02\/soguk-cekilmis-yuvarlak-pahlanmis.png-768x432.webp 768w, https:\/\/www.hurcelik.com.tr\/wp-content\/uploads\/2024\/02\/soguk-cekilmis-yuvarlak-pahlanmis.png-18x10.webp 18w, https:\/\/www.hurcelik.com.tr\/wp-content\/uploads\/2024\/02\/soguk-cekilmis-yuvarlak-pahlanmis.png-650x366.webp 650w\" sizes=\"(max-width: 800px) 100vw, 800px\" title=\"\">\t\t\t\t\t\t\t\t\t\t\t\t\t\t\t<\/div>\n\t\t\t\t<\/div>\n\t\t\t\t<div class=\"elementor-element elementor-element-2b9a328 elementor-widget elementor-widget-heading\" data-id=\"2b9a328\" data-element_type=\"widget\" data-e-type=\"widget\" data-widget_type=\"heading.default\">\n\t\t\t\t<div class=\"elementor-widget-container\">\n\t\t\t\t\t<h4 class=\"elementor-heading-title elementor-size-default\">\nKarbon \u00c7elikleri<\/h4>\t\t\t\t<\/div>\n\t\t\t\t<\/div>\n\t\t\t\t<div class=\"elementor-element elementor-element-570cd4a elementor-widget elementor-widget-text-editor\" data-id=\"570cd4a\" data-element_type=\"widget\" data-e-type=\"widget\" data-widget_type=\"text-editor.default\">\n\t\t\t\t<div class=\"elementor-widget-container\">\n\t\t\t\t\t\t\t\t\t<p><strong>C25E<\/strong><\/p><p><strong>1.1158<\/strong><\/p>\t\t\t\t\t\t\t\t<\/div>\n\t\t\t\t<\/div>\n\t\t\t\t\t<\/div>\n\t\t<\/div>\n\t\t\t\t<div class=\"elementor-column elementor-col-25 elementor-top-column elementor-element elementor-element-346cbcb\" data-id=\"346cbcb\" data-element_type=\"column\" data-e-type=\"column\">\n\t\t\t<div class=\"elementor-widget-wrap elementor-element-populated\">\n\t\t\t\t\t\t<div class=\"elementor-element elementor-element-f89579e elementor-widget elementor-widget-image\" data-id=\"f89579e\" data-element_type=\"widget\" data-e-type=\"widget\" data-widget_type=\"image.default\">\n\t\t\t\t<div class=\"elementor-widget-container\">\n\t\t\t\t\t\t\t\t\t\t\t\t\t\t\t<img decoding=\"async\" width=\"800\" height=\"450\" src=\"https:\/\/www.hurcelik.com.tr\/wp-content\/uploads\/2024\/02\/soguk-cekilmis-yuvarlak-pahlanmis.png.webp\" class=\"attachment-large size-large wp-image-1728\" alt=\"\" srcset=\"https:\/\/www.hurcelik.com.tr\/wp-content\/uploads\/2024\/02\/soguk-cekilmis-yuvarlak-pahlanmis.png.webp 800w, https:\/\/www.hurcelik.com.tr\/wp-content\/uploads\/2024\/02\/soguk-cekilmis-yuvarlak-pahlanmis.png-300x169.webp 300w, https:\/\/www.hurcelik.com.tr\/wp-content\/uploads\/2024\/02\/soguk-cekilmis-yuvarlak-pahlanmis.png-768x432.webp 768w, https:\/\/www.hurcelik.com.tr\/wp-content\/uploads\/2024\/02\/soguk-cekilmis-yuvarlak-pahlanmis.png-18x10.webp 18w, https:\/\/www.hurcelik.com.tr\/wp-content\/uploads\/2024\/02\/soguk-cekilmis-yuvarlak-pahlanmis.png-650x366.webp 650w\" sizes=\"(max-width: 800px) 100vw, 800px\" title=\"\">\t\t\t\t\t\t\t\t\t\t\t\t\t\t\t<\/div>\n\t\t\t\t<\/div>\n\t\t\t\t<div class=\"elementor-element elementor-element-196717a elementor-widget elementor-widget-heading\" data-id=\"196717a\" data-element_type=\"widget\" data-e-type=\"widget\" data-widget_type=\"heading.default\">\n\t\t\t\t<div class=\"elementor-widget-container\">\n\t\t\t\t\t<h4 class=\"elementor-heading-title elementor-size-default\">\nKarbon \u00c7elikleri<\/h4>\t\t\t\t<\/div>\n\t\t\t\t<\/div>\n\t\t\t\t<div class=\"elementor-element elementor-element-db52b27 elementor-widget elementor-widget-text-editor\" data-id=\"db52b27\" data-element_type=\"widget\" data-e-type=\"widget\" data-widget_type=\"text-editor.default\">\n\t\t\t\t<div class=\"elementor-widget-container\">\n\t\t\t\t\t\t\t\t\t<p><strong>C25R<\/strong><\/p><p><strong>1.1163<\/strong><\/p>\t\t\t\t\t\t\t\t<\/div>\n\t\t\t\t<\/div>\n\t\t\t\t\t<\/div>\n\t\t<\/div>\n\t\t\t\t<div class=\"elementor-column elementor-col-25 elementor-top-column elementor-element elementor-element-179fac4\" data-id=\"179fac4\" data-element_type=\"column\" data-e-type=\"column\">\n\t\t\t<div class=\"elementor-widget-wrap elementor-element-populated\">\n\t\t\t\t\t\t<div class=\"elementor-element elementor-element-42aaa37 elementor-widget elementor-widget-image\" data-id=\"42aaa37\" data-element_type=\"widget\" data-e-type=\"widget\" data-widget_type=\"image.default\">\n\t\t\t\t<div class=\"elementor-widget-container\">\n\t\t\t\t\t\t\t\t\t\t\t\t\t\t\t<img decoding=\"async\" width=\"800\" height=\"450\" src=\"https:\/\/www.hurcelik.com.tr\/wp-content\/uploads\/2024\/02\/soguk-cekilmis-yuvarlak-pahlanmis.png.webp\" class=\"attachment-large size-large wp-image-1728\" alt=\"\" srcset=\"https:\/\/www.hurcelik.com.tr\/wp-content\/uploads\/2024\/02\/soguk-cekilmis-yuvarlak-pahlanmis.png.webp 800w, https:\/\/www.hurcelik.com.tr\/wp-content\/uploads\/2024\/02\/soguk-cekilmis-yuvarlak-pahlanmis.png-300x169.webp 300w, https:\/\/www.hurcelik.com.tr\/wp-content\/uploads\/2024\/02\/soguk-cekilmis-yuvarlak-pahlanmis.png-768x432.webp 768w, https:\/\/www.hurcelik.com.tr\/wp-content\/uploads\/2024\/02\/soguk-cekilmis-yuvarlak-pahlanmis.png-18x10.webp 18w, https:\/\/www.hurcelik.com.tr\/wp-content\/uploads\/2024\/02\/soguk-cekilmis-yuvarlak-pahlanmis.png-650x366.webp 650w\" sizes=\"(max-width: 800px) 100vw, 800px\" title=\"\">\t\t\t\t\t\t\t\t\t\t\t\t\t\t\t<\/div>\n\t\t\t\t<\/div>\n\t\t\t\t<div class=\"elementor-element elementor-element-2870a8f elementor-widget elementor-widget-heading\" data-id=\"2870a8f\" data-element_type=\"widget\" data-e-type=\"widget\" data-widget_type=\"heading.default\">\n\t\t\t\t<div class=\"elementor-widget-container\">\n\t\t\t\t\t<h4 class=\"elementor-heading-title elementor-size-default\">\nKarbon \u00c7elikleri<\/h4>\t\t\t\t<\/div>\n\t\t\t\t<\/div>\n\t\t\t\t<div class=\"elementor-element elementor-element-92319d1 elementor-widget elementor-widget-text-editor\" data-id=\"92319d1\" data-element_type=\"widget\" data-e-type=\"widget\" data-widget_type=\"text-editor.default\">\n\t\t\t\t<div class=\"elementor-widget-container\">\n\t\t\t\t\t\t\t\t\t<p><strong>C35<\/strong><\/p><p><strong>1.0501<\/strong><\/p>\t\t\t\t\t\t\t\t<\/div>\n\t\t\t\t<\/div>\n\t\t\t\t\t<\/div>\n\t\t<\/div>\n\t\t\t\t\t<\/div>\n\t\t<\/section>\n\t\t\t\t<section class=\"elementor-section elementor-top-section elementor-element elementor-element-04bef6f elementor-section-boxed elementor-section-height-default elementor-section-height-default\" data-id=\"04bef6f\" data-element_type=\"section\" data-e-type=\"section\">\n\t\t\t\t\t\t<div class=\"elementor-container elementor-column-gap-default\">\n\t\t\t\t\t<div class=\"elementor-column elementor-col-25 elementor-top-column elementor-element elementor-element-5b6517c\" data-id=\"5b6517c\" data-element_type=\"column\" data-e-type=\"column\">\n\t\t\t<div class=\"elementor-widget-wrap elementor-element-populated\">\n\t\t\t\t\t\t<div class=\"elementor-element elementor-element-a440b7f elementor-widget elementor-widget-image\" data-id=\"a440b7f\" data-element_type=\"widget\" data-e-type=\"widget\" data-widget_type=\"image.default\">\n\t\t\t\t<div class=\"elementor-widget-container\">\n\t\t\t\t\t\t\t\t\t\t\t\t\t\t\t<img decoding=\"async\" width=\"800\" height=\"450\" src=\"https:\/\/www.hurcelik.com.tr\/wp-content\/uploads\/2024\/02\/soguk-cekilmis-yuvarlak-pahlanmis.png.webp\" class=\"attachment-large size-large wp-image-1728\" alt=\"\" srcset=\"https:\/\/www.hurcelik.com.tr\/wp-content\/uploads\/2024\/02\/soguk-cekilmis-yuvarlak-pahlanmis.png.webp 800w, https:\/\/www.hurcelik.com.tr\/wp-content\/uploads\/2024\/02\/soguk-cekilmis-yuvarlak-pahlanmis.png-300x169.webp 300w, https:\/\/www.hurcelik.com.tr\/wp-content\/uploads\/2024\/02\/soguk-cekilmis-yuvarlak-pahlanmis.png-768x432.webp 768w, https:\/\/www.hurcelik.com.tr\/wp-content\/uploads\/2024\/02\/soguk-cekilmis-yuvarlak-pahlanmis.png-18x10.webp 18w, https:\/\/www.hurcelik.com.tr\/wp-content\/uploads\/2024\/02\/soguk-cekilmis-yuvarlak-pahlanmis.png-650x366.webp 650w\" sizes=\"(max-width: 800px) 100vw, 800px\" title=\"\">\t\t\t\t\t\t\t\t\t\t\t\t\t\t\t<\/div>\n\t\t\t\t<\/div>\n\t\t\t\t<div class=\"elementor-element elementor-element-c314bc7 elementor-widget elementor-widget-heading\" data-id=\"c314bc7\" data-element_type=\"widget\" data-e-type=\"widget\" data-widget_type=\"heading.default\">\n\t\t\t\t<div class=\"elementor-widget-container\">\n\t\t\t\t\t<h4 class=\"elementor-heading-title elementor-size-default\">\nKarbon \u00c7elikleri<\/h4>\t\t\t\t<\/div>\n\t\t\t\t<\/div>\n\t\t\t\t<div class=\"elementor-element elementor-element-7e97f03 elementor-widget elementor-widget-text-editor\" data-id=\"7e97f03\" data-element_type=\"widget\" data-e-type=\"widget\" data-widget_type=\"text-editor.default\">\n\t\t\t\t<div class=\"elementor-widget-container\">\n\t\t\t\t\t\t\t\t\t<p><strong>C35E<\/strong><\/p><p><strong>1.1181<\/strong><\/p>\t\t\t\t\t\t\t\t<\/div>\n\t\t\t\t<\/div>\n\t\t\t\t\t<\/div>\n\t\t<\/div>\n\t\t\t\t<div class=\"elementor-column elementor-col-25 elementor-top-column elementor-element elementor-element-355ad90\" data-id=\"355ad90\" data-element_type=\"column\" data-e-type=\"column\">\n\t\t\t<div class=\"elementor-widget-wrap elementor-element-populated\">\n\t\t\t\t\t\t<div class=\"elementor-element elementor-element-a5db28e elementor-widget elementor-widget-image\" data-id=\"a5db28e\" data-element_type=\"widget\" data-e-type=\"widget\" data-widget_type=\"image.default\">\n\t\t\t\t<div class=\"elementor-widget-container\">\n\t\t\t\t\t\t\t\t\t\t\t\t\t\t\t<img decoding=\"async\" width=\"800\" height=\"450\" src=\"https:\/\/www.hurcelik.com.tr\/wp-content\/uploads\/2024\/02\/soguk-cekilmis-yuvarlak-pahlanmis.png.webp\" class=\"attachment-large size-large wp-image-1728\" alt=\"\" srcset=\"https:\/\/www.hurcelik.com.tr\/wp-content\/uploads\/2024\/02\/soguk-cekilmis-yuvarlak-pahlanmis.png.webp 800w, https:\/\/www.hurcelik.com.tr\/wp-content\/uploads\/2024\/02\/soguk-cekilmis-yuvarlak-pahlanmis.png-300x169.webp 300w, https:\/\/www.hurcelik.com.tr\/wp-content\/uploads\/2024\/02\/soguk-cekilmis-yuvarlak-pahlanmis.png-768x432.webp 768w, https:\/\/www.hurcelik.com.tr\/wp-content\/uploads\/2024\/02\/soguk-cekilmis-yuvarlak-pahlanmis.png-18x10.webp 18w, https:\/\/www.hurcelik.com.tr\/wp-content\/uploads\/2024\/02\/soguk-cekilmis-yuvarlak-pahlanmis.png-650x366.webp 650w\" sizes=\"(max-width: 800px) 100vw, 800px\" title=\"\">\t\t\t\t\t\t\t\t\t\t\t\t\t\t\t<\/div>\n\t\t\t\t<\/div>\n\t\t\t\t<div class=\"elementor-element elementor-element-0c26f13 elementor-widget elementor-widget-heading\" data-id=\"0c26f13\" data-element_type=\"widget\" data-e-type=\"widget\" data-widget_type=\"heading.default\">\n\t\t\t\t<div class=\"elementor-widget-container\">\n\t\t\t\t\t<h4 class=\"elementor-heading-title elementor-size-default\">\nKarbon \u00c7elikleri<\/h4>\t\t\t\t<\/div>\n\t\t\t\t<\/div>\n\t\t\t\t<div class=\"elementor-element elementor-element-39739b2 elementor-widget elementor-widget-text-editor\" data-id=\"39739b2\" data-element_type=\"widget\" data-e-type=\"widget\" data-widget_type=\"text-editor.default\">\n\t\t\t\t<div class=\"elementor-widget-container\">\n\t\t\t\t\t\t\t\t\t<p><strong>C35R<\/strong><\/p><p><strong>1.1180<\/strong><\/p>\t\t\t\t\t\t\t\t<\/div>\n\t\t\t\t<\/div>\n\t\t\t\t\t<\/div>\n\t\t<\/div>\n\t\t\t\t<div class=\"elementor-column elementor-col-25 elementor-top-column elementor-element elementor-element-12d2724\" data-id=\"12d2724\" data-element_type=\"column\" data-e-type=\"column\">\n\t\t\t<div class=\"elementor-widget-wrap elementor-element-populated\">\n\t\t\t\t\t\t<div class=\"elementor-element elementor-element-6288089 elementor-widget elementor-widget-image\" data-id=\"6288089\" data-element_type=\"widget\" data-e-type=\"widget\" data-widget_type=\"image.default\">\n\t\t\t\t<div class=\"elementor-widget-container\">\n\t\t\t\t\t\t\t\t\t\t\t\t\t\t\t<img decoding=\"async\" width=\"800\" height=\"450\" src=\"https:\/\/www.hurcelik.com.tr\/wp-content\/uploads\/2024\/02\/soguk-cekilmis-yuvarlak-pahlanmis.png.webp\" class=\"attachment-large size-large wp-image-1728\" alt=\"\" srcset=\"https:\/\/www.hurcelik.com.tr\/wp-content\/uploads\/2024\/02\/soguk-cekilmis-yuvarlak-pahlanmis.png.webp 800w, https:\/\/www.hurcelik.com.tr\/wp-content\/uploads\/2024\/02\/soguk-cekilmis-yuvarlak-pahlanmis.png-300x169.webp 300w, https:\/\/www.hurcelik.com.tr\/wp-content\/uploads\/2024\/02\/soguk-cekilmis-yuvarlak-pahlanmis.png-768x432.webp 768w, https:\/\/www.hurcelik.com.tr\/wp-content\/uploads\/2024\/02\/soguk-cekilmis-yuvarlak-pahlanmis.png-18x10.webp 18w, https:\/\/www.hurcelik.com.tr\/wp-content\/uploads\/2024\/02\/soguk-cekilmis-yuvarlak-pahlanmis.png-650x366.webp 650w\" sizes=\"(max-width: 800px) 100vw, 800px\" title=\"\">\t\t\t\t\t\t\t\t\t\t\t\t\t\t\t<\/div>\n\t\t\t\t<\/div>\n\t\t\t\t<div class=\"elementor-element elementor-element-fb1acf1 elementor-widget elementor-widget-heading\" data-id=\"fb1acf1\" data-element_type=\"widget\" data-e-type=\"widget\" data-widget_type=\"heading.default\">\n\t\t\t\t<div class=\"elementor-widget-container\">\n\t\t\t\t\t<h4 class=\"elementor-heading-title elementor-size-default\">\nKarbon \u00c7elikleri<\/h4>\t\t\t\t<\/div>\n\t\t\t\t<\/div>\n\t\t\t\t<div class=\"elementor-element elementor-element-5047379 elementor-widget elementor-widget-text-editor\" data-id=\"5047379\" data-element_type=\"widget\" data-e-type=\"widget\" data-widget_type=\"text-editor.default\">\n\t\t\t\t<div class=\"elementor-widget-container\">\n\t\t\t\t\t\t\t\t\t<p><strong>C40<\/strong><\/p><p><strong>1.0511<\/strong><\/p>\t\t\t\t\t\t\t\t<\/div>\n\t\t\t\t<\/div>\n\t\t\t\t\t<\/div>\n\t\t<\/div>\n\t\t\t\t<div class=\"elementor-column elementor-col-25 elementor-top-column elementor-element elementor-element-3f65352\" data-id=\"3f65352\" data-element_type=\"column\" data-e-type=\"column\">\n\t\t\t<div class=\"elementor-widget-wrap elementor-element-populated\">\n\t\t\t\t\t\t<div class=\"elementor-element elementor-element-77a87e3 elementor-widget elementor-widget-image\" data-id=\"77a87e3\" data-element_type=\"widget\" data-e-type=\"widget\" data-widget_type=\"image.default\">\n\t\t\t\t<div class=\"elementor-widget-container\">\n\t\t\t\t\t\t\t\t\t\t\t\t\t\t\t<img decoding=\"async\" width=\"800\" height=\"450\" src=\"https:\/\/www.hurcelik.com.tr\/wp-content\/uploads\/2024\/02\/soguk-cekilmis-yuvarlak-pahlanmis.png.webp\" class=\"attachment-large size-large wp-image-1728\" alt=\"\" srcset=\"https:\/\/www.hurcelik.com.tr\/wp-content\/uploads\/2024\/02\/soguk-cekilmis-yuvarlak-pahlanmis.png.webp 800w, https:\/\/www.hurcelik.com.tr\/wp-content\/uploads\/2024\/02\/soguk-cekilmis-yuvarlak-pahlanmis.png-300x169.webp 300w, https:\/\/www.hurcelik.com.tr\/wp-content\/uploads\/2024\/02\/soguk-cekilmis-yuvarlak-pahlanmis.png-768x432.webp 768w, https:\/\/www.hurcelik.com.tr\/wp-content\/uploads\/2024\/02\/soguk-cekilmis-yuvarlak-pahlanmis.png-18x10.webp 18w, https:\/\/www.hurcelik.com.tr\/wp-content\/uploads\/2024\/02\/soguk-cekilmis-yuvarlak-pahlanmis.png-650x366.webp 650w\" sizes=\"(max-width: 800px) 100vw, 800px\" title=\"\">\t\t\t\t\t\t\t\t\t\t\t\t\t\t\t<\/div>\n\t\t\t\t<\/div>\n\t\t\t\t<div class=\"elementor-element elementor-element-dc09ab2 elementor-widget elementor-widget-heading\" data-id=\"dc09ab2\" data-element_type=\"widget\" data-e-type=\"widget\" data-widget_type=\"heading.default\">\n\t\t\t\t<div class=\"elementor-widget-container\">\n\t\t\t\t\t<h4 class=\"elementor-heading-title elementor-size-default\">\nKarbon \u00c7elikleri<\/h4>\t\t\t\t<\/div>\n\t\t\t\t<\/div>\n\t\t\t\t<div class=\"elementor-element elementor-element-22a9851 elementor-widget elementor-widget-text-editor\" data-id=\"22a9851\" data-element_type=\"widget\" data-e-type=\"widget\" data-widget_type=\"text-editor.default\">\n\t\t\t\t<div class=\"elementor-widget-container\">\n\t\t\t\t\t\t\t\t\t<p><strong>C40E<\/strong><\/p><p><strong>1.1186<\/strong><\/p>\t\t\t\t\t\t\t\t<\/div>\n\t\t\t\t<\/div>\n\t\t\t\t\t<\/div>\n\t\t<\/div>\n\t\t\t\t\t<\/div>\n\t\t<\/section>\n\t\t\t\t<\/div>\n\t\t","protected":false},"excerpt":{"rendered":"<p>Karbon \u00c7elikleri Karbon \u00e7elikleri, demirin karbonla birle\u015ferek olu\u015fturdu\u011fu ala\u015f\u0131mlard\u0131r. Genellikle k\u00fc\u00e7\u00fck miktarlarda karbon i\u00e7erirler, ancak bu miktarlar \u00e7eliklerin \u00f6zelliklerini b\u00fcy\u00fck \u00f6l\u00e7\u00fcde etkiler. [&hellip;]<\/p>\n","protected":false},"author":2,"featured_media":0,"parent":0,"menu_order":0,"comment_status":"closed","ping_status":"closed","template":"","meta":{"footnotes":""},"class_list":["post-1725","page","type-page","status-publish","hentry"],"_links":{"self":[{"href":"https:\/\/www.hurcelik.com.tr\/en\/wp-json\/wp\/v2\/pages\/1725","targetHints":{"allow":["GET"]}}],"collection":[{"href":"https:\/\/www.hurcelik.com.tr\/en\/wp-json\/wp\/v2\/pages"}],"about":[{"href":"https:\/\/www.hurcelik.com.tr\/en\/wp-json\/wp\/v2\/types\/page"}],"author":[{"embeddable":true,"href":"https:\/\/www.hurcelik.com.tr\/en\/wp-json\/wp\/v2\/users\/2"}],"replies":[{"embeddable":true,"href":"https:\/\/www.hurcelik.com.tr\/en\/wp-json\/wp\/v2\/comments?post=1725"}],"version-history":[{"count":0,"href":"https:\/\/www.hurcelik.com.tr\/en\/wp-json\/wp\/v2\/pages\/1725\/revisions"}],"wp:attachment":[{"href":"https:\/\/www.hurcelik.com.tr\/en\/wp-json\/wp\/v2\/media?parent=1725"}],"curies":[{"name":"wp","href":"https:\/\/api.w.org\/{rel}","templated":true}]}}