{"id":1399,"date":"2024-02-19T16:19:22","date_gmt":"2024-02-19T13:19:22","guid":{"rendered":"https:\/\/www.hurcelik.com.tr\/?page_id=1399"},"modified":"2024-02-19T16:26:10","modified_gmt":"2024-02-19T13:26:10","slug":"bayiliklerimiz","status":"publish","type":"page","link":"https:\/\/www.hurcelik.com.tr\/en\/bayiliklerimiz\/","title":{"rendered":"Our Dealerships"},"content":{"rendered":"<div data-elementor-type=\"wp-page\" data-elementor-id=\"1399\" class=\"elementor elementor-1399\" data-elementor-post-type=\"page\">\n\t\t\t\t\t\t<section class=\"elementor-section elementor-top-section elementor-element elementor-element-5846e42 elementor-section-boxed elementor-section-height-default elementor-section-height-default\" data-id=\"5846e42\" data-element_type=\"section\" data-e-type=\"section\">\n\t\t\t\t\t\t<div class=\"elementor-container elementor-column-gap-default\">\n\t\t\t\t\t<div class=\"elementor-column elementor-col-50 elementor-top-column elementor-element elementor-element-038aff4\" data-id=\"038aff4\" data-element_type=\"column\" data-e-type=\"column\">\n\t\t\t<div class=\"elementor-widget-wrap elementor-element-populated\">\n\t\t\t\t\t\t<div class=\"elementor-element elementor-element-2d0a9f5 elementor-widget elementor-widget-image\" data-id=\"2d0a9f5\" data-element_type=\"widget\" data-e-type=\"widget\" data-widget_type=\"image.default\">\n\t\t\t\t<div class=\"elementor-widget-container\">\n\t\t\t\t\t\t\t\t\t\t\t\t\t\t\t<img fetchpriority=\"high\" decoding=\"async\" width=\"300\" height=\"300\" src=\"https:\/\/www.hurcelik.com.tr\/wp-content\/uploads\/2024\/02\/asil-celik-web.jpg\" class=\"attachment-large size-large wp-image-1402\" alt=\"\" srcset=\"https:\/\/www.hurcelik.com.tr\/wp-content\/uploads\/2024\/02\/asil-celik-web.jpg 300w, https:\/\/www.hurcelik.com.tr\/wp-content\/uploads\/2024\/02\/asil-celik-web-150x150.jpg 150w, https:\/\/www.hurcelik.com.tr\/wp-content\/uploads\/2024\/02\/asil-celik-web-12x12.jpg 12w\" sizes=\"(max-width: 300px) 100vw, 300px\" title=\"\">\t\t\t\t\t\t\t\t\t\t\t\t\t\t\t<\/div>\n\t\t\t\t<\/div>\n\t\t\t\t\t<\/div>\n\t\t<\/div>\n\t\t\t\t<div class=\"elementor-column elementor-col-50 elementor-top-column elementor-element elementor-element-204f63e\" data-id=\"204f63e\" data-element_type=\"column\" data-e-type=\"column\">\n\t\t\t<div class=\"elementor-widget-wrap elementor-element-populated\">\n\t\t\t\t\t\t<div class=\"elementor-element elementor-element-687a415 elementor-widget elementor-widget-heading\" data-id=\"687a415\" data-element_type=\"widget\" data-e-type=\"widget\" data-widget_type=\"heading.default\">\n\t\t\t\t<div class=\"elementor-widget-container\">\n\t\t\t\t\t<h2 class=\"elementor-heading-title elementor-size-default\">Asil \u00c7elik<\/h2>\t\t\t\t<\/div>\n\t\t\t\t<\/div>\n\t\t\t\t<div class=\"elementor-element elementor-element-a83e302 elementor-widget elementor-widget-text-editor\" data-id=\"a83e302\" data-element_type=\"widget\" data-e-type=\"widget\" data-widget_type=\"text-editor.default\">\n\t\t\t\t<div class=\"elementor-widget-container\">\n\t\t\t\t\t\t\t\t\t<p>Asil \u00c7elik has been founded in 1974 and started production in 1979.\nInvestment includes a meltshop with an EAF, rolling mills for bars, finishing lines to control surface and interior quality of the bars as well as the laboratories for the quality control. A functional organization structure has been designed, special emphasis has been given to specialization and recruitment of experienced and educated personnel in the field of quality and alloyed steel.<\/p>\t\t\t\t\t\t\t\t<\/div>\n\t\t\t\t<\/div>\n\t\t\t\t\t<\/div>\n\t\t<\/div>\n\t\t\t\t\t<\/div>\n\t\t<\/section>\n\t\t\t\t<section class=\"elementor-section elementor-top-section elementor-element elementor-element-bef79a8 elementor-section-boxed elementor-section-height-default elementor-section-height-default\" data-id=\"bef79a8\" data-element_type=\"section\" data-e-type=\"section\">\n\t\t\t\t\t\t<div class=\"elementor-container elementor-column-gap-default\">\n\t\t\t\t\t<div class=\"elementor-column elementor-col-50 elementor-top-column elementor-element elementor-element-b8b1fc6\" data-id=\"b8b1fc6\" data-element_type=\"column\" data-e-type=\"column\">\n\t\t\t<div class=\"elementor-widget-wrap elementor-element-populated\">\n\t\t\t\t\t\t<div class=\"elementor-element elementor-element-9a1a585 elementor-widget elementor-widget-image\" data-id=\"9a1a585\" data-element_type=\"widget\" data-e-type=\"widget\" data-widget_type=\"image.default\">\n\t\t\t\t<div class=\"elementor-widget-container\">\n\t\t\t\t\t\t\t\t\t\t\t\t\t\t\t<img decoding=\"async\" width=\"300\" height=\"300\" src=\"https:\/\/www.hurcelik.com.tr\/wp-content\/uploads\/2024\/02\/mke-logo-web.jpg\" class=\"attachment-large size-large wp-image-1401\" alt=\"\" srcset=\"https:\/\/www.hurcelik.com.tr\/wp-content\/uploads\/2024\/02\/mke-logo-web.jpg 300w, https:\/\/www.hurcelik.com.tr\/wp-content\/uploads\/2024\/02\/mke-logo-web-150x150.jpg 150w, https:\/\/www.hurcelik.com.tr\/wp-content\/uploads\/2024\/02\/mke-logo-web-12x12.jpg 12w\" sizes=\"(max-width: 300px) 100vw, 300px\" title=\"\">\t\t\t\t\t\t\t\t\t\t\t\t\t\t\t<\/div>\n\t\t\t\t<\/div>\n\t\t\t\t\t<\/div>\n\t\t<\/div>\n\t\t\t\t<div class=\"elementor-column elementor-col-50 elementor-top-column elementor-element elementor-element-1d12603\" data-id=\"1d12603\" data-element_type=\"column\" data-e-type=\"column\">\n\t\t\t<div class=\"elementor-widget-wrap elementor-element-populated\">\n\t\t\t\t\t\t<div class=\"elementor-element elementor-element-40e2e08 elementor-widget elementor-widget-heading\" data-id=\"40e2e08\" data-element_type=\"widget\" data-e-type=\"widget\" data-widget_type=\"heading.default\">\n\t\t\t\t<div class=\"elementor-widget-container\">\n\t\t\t\t\t<h2 class=\"elementor-heading-title elementor-size-default\">Makina ve Kimya End\u00fcstrisi Kurumu<\/h2>\t\t\t\t<\/div>\n\t\t\t\t<\/div>\n\t\t\t\t<div class=\"elementor-element elementor-element-9381842 elementor-widget elementor-widget-text-editor\" data-id=\"9381842\" data-element_type=\"widget\" data-e-type=\"widget\" data-widget_type=\"text-editor.default\">\n\t\t\t\t<div class=\"elementor-widget-container\">\n\t\t\t\t\t\t\t\t\t<p>In addition to this duty defined in its main statute, the authority, headquartered in Ankara, has also tasked itself with increasing the share of domestic contribution in our country's Defense Industry and producing new products for the needs of the Turkish Armed Forces. MKE Corporation, which continues its activities in line with these objectives, has pioneered many sectors such as iron and steel, chemistry and machinery manufacturing, creating an school in the development of our country's industry and assuming the role of a locomotive in our industry<\/p>\t\t\t\t\t\t\t\t<\/div>\n\t\t\t\t<\/div>\n\t\t\t\t\t<\/div>\n\t\t<\/div>\n\t\t\t\t\t<\/div>\n\t\t<\/section>\n\t\t\t\t<\/div>","protected":false},"excerpt":{"rendered":"<p>Asil \u00c7elik Asil \u00c7elik\u2019de yat\u0131r\u0131m 1974 y\u0131l\u0131nda, \u00fcretim de 1979 y\u0131l\u0131nda ba\u015flam\u0131\u015ft\u0131r. Yat\u0131r\u0131m kapsam\u0131nda Ark Oca\u011f\u0131 i\u00e7eren \u00c7elikhane, ince ve kal\u0131n \u00e7ubuklar\u0131n [&hellip;]<\/p>\n","protected":false},"author":2,"featured_media":0,"parent":0,"menu_order":0,"comment_status":"closed","ping_status":"closed","template":"","meta":{"footnotes":""},"class_list":["post-1399","page","type-page","status-publish","hentry"],"_links":{"self":[{"href":"https:\/\/www.hurcelik.com.tr\/en\/wp-json\/wp\/v2\/pages\/1399","targetHints":{"allow":["GET"]}}],"collection":[{"href":"https:\/\/www.hurcelik.com.tr\/en\/wp-json\/wp\/v2\/pages"}],"about":[{"href":"https:\/\/www.hurcelik.com.tr\/en\/wp-json\/wp\/v2\/types\/page"}],"author":[{"embeddable":true,"href":"https:\/\/www.hurcelik.com.tr\/en\/wp-json\/wp\/v2\/users\/2"}],"replies":[{"embeddable":true,"href":"https:\/\/www.hurcelik.com.tr\/en\/wp-json\/wp\/v2\/comments?post=1399"}],"version-history":[{"count":0,"href":"https:\/\/www.hurcelik.com.tr\/en\/wp-json\/wp\/v2\/pages\/1399\/revisions"}],"wp:attachment":[{"href":"https:\/\/www.hurcelik.com.tr\/en\/wp-json\/wp\/v2\/media?parent=1399"}],"curies":[{"name":"wp","href":"https:\/\/api.w.org\/{rel}","templated":true}]}}